{"id":9348,"date":"2024-05-20T17:30:22","date_gmt":"2024-05-20T15:30:22","guid":{"rendered":"https:\/\/ficviaxiv.com\/?page_id=9348"},"modified":"2025-02-18T00:47:33","modified_gmt":"2025-02-17T23:47:33","slug":"que-e-o-fic-via-xiv","status":"publish","type":"page","link":"https:\/\/www.ficviaxiv.com\/es\/que-e-o-fic-via-xiv\/","title":{"rendered":"QUE ES EL FIC V\u00cdA XIV"},"content":{"rendered":"<div data-elementor-type=\"wp-page\" data-elementor-id=\"9348\" class=\"elementor elementor-9348\">\n\t\t\t\t\t\t<section class=\"elementor-section elementor-top-section elementor-element elementor-element-f65320c elementor-section-full_width elementor-section-height-default elementor-section-height-default qodef-elementor-content-no\" data-id=\"f65320c\" data-element_type=\"section\">\n\t\t\t\t\t\t<div class=\"elementor-container elementor-column-gap-default\">\n\t\t\t\t\t<div class=\"elementor-column elementor-col-100 elementor-top-column elementor-element elementor-element-a206993\" data-id=\"a206993\" data-element_type=\"column\" data-settings=\"{&quot;background_background&quot;:&quot;classic&quot;}\">\n\t\t\t<div class=\"elementor-widget-wrap elementor-element-populated\">\n\t\t\t\t\t\t<div class=\"elementor-element elementor-element-519e31c elementor-widget elementor-widget-spacer\" data-id=\"519e31c\" data-element_type=\"widget\" data-widget_type=\"spacer.default\">\n\t\t\t\t<div class=\"elementor-widget-container\">\n\t\t\t\t\t\t\t<div class=\"elementor-spacer\">\n\t\t\t<div class=\"elementor-spacer-inner\"><\/div>\n\t\t<\/div>\n\t\t\t\t\t\t<\/div>\n\t\t\t\t<\/div>\n\t\t\t\t\t<\/div>\n\t\t<\/div>\n\t\t\t\t\t<\/div>\n\t\t<\/section>\n\t\t\t\t<section class=\"elementor-section elementor-top-section elementor-element elementor-element-fb7c784 elementor-section-full_width qodef-elementor-content-grid elementor-section-height-default elementor-section-height-default\" data-id=\"fb7c784\" data-element_type=\"section\">\n\t\t\t\t\t\t<div class=\"elementor-container elementor-column-gap-default\">\n\t\t\t\t\t<div class=\"elementor-column elementor-col-50 elementor-top-column elementor-element elementor-element-953f36b\" data-id=\"953f36b\" data-element_type=\"column\">\n\t\t\t<div class=\"elementor-widget-wrap elementor-element-populated\">\n\t\t\t\t\t\t<div class=\"elementor-element elementor-element-b71e81c elementor-widget elementor-widget-coppola_core_section_title\" data-id=\"b71e81c\" data-element_type=\"widget\" data-widget_type=\"coppola_core_section_title.default\">\n\t\t\t\t<div class=\"elementor-widget-container\">\n\t\t\t\t\t<div class=\"qodef-shortcode qodef-m  qodef-section-title qodef-alignment--left\">\n\t\t\t<h1 class=\"qodef-m-title\" >\n\t\t\t\t\tQUE ES EL FIC<br \/> V\u00eda XIV?\t\t\t<\/h1>\n\t\t<\/div>\n\t\t\t\t<\/div>\n\t\t\t\t<\/div>\n\t\t\t\t\t<\/div>\n\t\t<\/div>\n\t\t\t\t<div class=\"elementor-column elementor-col-50 elementor-top-column elementor-element elementor-element-66d0831\" data-id=\"66d0831\" data-element_type=\"column\">\n\t\t\t<div class=\"elementor-widget-wrap elementor-element-populated\">\n\t\t\t\t\t\t\t<\/div>\n\t\t<\/div>\n\t\t\t\t\t<\/div>\n\t\t<\/section>\n\t\t<div class=\"elementor-element elementor-element-13f2c55 e-flex e-con-boxed e-con e-parent\" data-id=\"13f2c55\" data-element_type=\"container\">\n\t\t\t\t\t<div class=\"e-con-inner\">\n\t\t\t\t<div class=\"elementor-element elementor-element-98b8f59 elementor-widget elementor-widget-text-editor\" data-id=\"98b8f59\" data-element_type=\"widget\" data-widget_type=\"text-editor.default\">\n\t\t\t\t<div class=\"elementor-widget-container\">\n\t\t\t\t\t\t\t\t\t<p>\u00a0<\/p><p class=\"translation-block\"><p><strong>Los festivales de cine como el FIC V&iacute;a XIV se erigen como faros de pensamiento cr&iacute;tico<\/strong><span style=\"font-weight: 400\">, ofreciendo un espacio en el que las pel&iacute;culas trascienden su papel meramente visual para convertirse en catalizadores de di&aacute;logo y acci&oacute;n. Son foros en los que la audiencia es desafiada a contemplar, debatir y actuar ante las cuestiones urgentes de nuestro tiempo, record&aacute;ndonos que la cinematograf&iacute;a puede ser mucho m&aacute;s que un entretenimiento: surge como un medio poderoso para moldear la comprensi&oacute;n colectiva y catalizar el cambio.<\/span><\/p><\/p><p class=\"translation-block\"><p><span style=\"font-weight: 400\">En este sentido, el <\/span><strong>FIC V&iacute;a XIV ampl&iacute;a y afina su agenda en cada nueva edici&oacute;n<\/strong><span style=\"font-weight: 400\"> para convertir Ver&iacute;n en el epicentro cultural del sur de Ourense. En esta edici&oacute;n, en la que el festival cumple 10 a&ntilde;os, se consolida como el faro que ilumina la vida cultural de Ver&iacute;n y su entorno. Como ha sucedido a lo largo de esta d&eacute;cada, el festival no dura solo una semana al a&ntilde;o, sino que su luz perdura 365 d&iacute;as con la intenci&oacute;n de convertirse en un contenedor cultural estable dentro de la villa.<\/span><\/p><\/p><p class=\"translation-block\"><p><span style=\"font-weight: 400\">El nombre de nuestro festival proviene de <\/span><strong>la calzada romana que cruza el valle, atravesado por el r&iacute;o T&aacute;mega desde hace m&aacute;s de 2.000 a&ntilde;os<\/strong><span style=\"font-weight: 400\">. Evocando una ruta f&iacute;sica, trazamos un camino cultural para atraer la mirada de creadores y creadoras de todo el mundo hasta Ver&iacute;n y acercar el cine a un entorno particularmente perif&eacute;rico dentro de nuestra comunidad. Poner en marcha un evento de estas caracter&iacute;sticas en un territorio alejado del circuito de festivales, en el interior de Galicia, supone un verdadero reto, que se traduce en el gratificante fruto de contribuir a la dinamizaci&oacute;n cultural de un espacio geogr&aacute;fico marcado por una fuerte impronta rural.<\/span><\/p><\/p><p class=\"translation-block\"><p><span style=\"font-weight: 400\">El <\/span><strong>FIC V&iacute;a XIV es posible gracias a un equipo lleno de pasi&oacute;n<\/strong><span style=\"font-weight: 400\"> que ha crecido progresivamente, formando cantera e incorporando a personas que comenzaron trabajando en el festival como ayudantes o becarias y que hoy son profesionales del audiovisual de primer nivel.<\/span><\/p><\/p><p class=\"translation-block\"><p><span style=\"font-weight: 400\">El <\/span><strong>concurso oficial del FIC se divide en dos categor&iacute;as<\/strong><span style=\"font-weight: 400\"> que giran en torno a distintos elementos que definen la idiosincrasia de la comarca, como los conceptos de <\/span><strong>frontera, emigraci&oacute;n o el Entroido<\/strong><span style=\"font-weight: 400\">, a trav&eacute;s de las categor&iacute;as <\/span><strong>Nova<\/strong><span style=\"font-weight: 400\"> (cine contempor&aacute;neo y de autor) y <\/span><strong>A Raia<\/strong><span style=\"font-weight: 400\"> (cine gallego-portugu&eacute;s), adem&aacute;s de una secci&oacute;n audiovisual paralela con pel&iacute;culas seleccionadas espec&iacute;ficamente para cada edici&oacute;n del festival.<\/span><\/p><\/p><p class=\"translation-block\"><p><span style=\"font-weight: 400\">El <\/span><strong>FIC trabaja para concienciar al p&uacute;blico<\/strong><span style=\"font-weight: 400\"> sobre temas que definen nuestra sociedad. Por ello, muchas de las cortometrajes proyectadas, as&iacute; como las actividades paralelas programadas, giran en torno a cuestiones candentes a nivel sociopol&iacute;tico. <\/span><strong>La realidad de las personas refugiadas, la sostenibilidad y preservaci&oacute;n del medio ambiente, la lucha contra el cambio clim&aacute;tico, la igualdad de g&eacute;nero y la libertad afectivo-sexual, y este a&ntilde;o, la posverdad<\/strong><span style=\"font-weight: 400\">, son solo algunos ejemplos.<\/span><\/p><\/p><p class=\"translation-block\"><p><span style=\"font-weight: 400\">Adem&aacute;s, el <\/span><strong>FIC V&iacute;a XIV de Ver&iacute;n se singulariza por situar en el centro a las personas que forman parte del festival<\/strong><span style=\"font-weight: 400\">, trascendiendo el &aacute;mbito puramente cinematogr&aacute;fico. Cada a&ntilde;o se organizan diferentes actividades paralelas relacionadas con <\/span><strong>la m&uacute;sica o la gastronom&iacute;a<\/strong><span style=\"font-weight: 400\">, entre otras disciplinas, as&iacute; como talleres dirigidos a perfiles m&aacute;s profesionales con el objetivo de que puedan seguir form&aacute;ndose y generar redes de networking.<\/span><\/p><\/p><p class=\"translation-block\"><p><span style=\"font-weight: 400\">El <\/span><strong>FIC cuenta con un jurado profesional<\/strong><span style=\"font-weight: 400\"> que otorga cada a&ntilde;o los premios a los mejores cortometrajes de cada categor&iacute;a. Este a&ntilde;o, volveremos a apostar tambi&eacute;n por un <\/span><strong>jurado joven<\/strong><span style=\"font-weight: 400\">, conformado por j&oacute;venes de la comarca con inter&eacute;s en la cultura y el audiovisual. Adem&aacute;s, el festival valora mucho la opini&oacute;n de su p&uacute;blico: cada a&ntilde;o se realiza una <\/span><strong>votaci&oacute;n popular<\/strong><span style=\"font-weight: 400\"> para que la comunidad elija su cortometraje favorito.<\/span><\/p>\n<p><span style=\"font-weight: 400\">Estos elementos diferenciales se complementan con la idea de <\/span><strong>hacer part&iacute;cipes del certamen a artistas de la comarca<\/strong><span style=\"font-weight: 400\">, d&aacute;ndoles la oportunidad de que su obra sea conocida y de integrarse en este foro de dinamizaci&oacute;n cultural.<\/span><\/p><\/p><p class=\"translation-block\"><p><span style=\"font-weight: 400\">Desde esta perspectiva, con la intenci&oacute;n de seguir creciendo y fortaleciendo la marca &ldquo;Ver&iacute;n&rdquo;, <\/span><strong>el FIC V&iacute;a XIV contin&uacute;a su trabajo<\/strong><span style=\"font-weight: 400\">. Que cineastas de diversas partes del mundo vengan a nuestra localidad a presentar sus obras es un logro muy relevante para un territorio como el nuestro. Tambi&eacute;n lo es el hecho de que nuestro festival deje su sello en los cr&eacute;ditos de cada cortometraje, un distintivo que viajar&aacute; siempre por el mundo, llevando el nombre de nuestro rinc&oacute;n geogr&aacute;fico, situado en el sureste de Ourense, a diferentes lugares del globo a trav&eacute;s de la magia del cine.<\/span><\/p>\n<p><span style=\"font-weight: 400\">A trav&eacute;s de este festival, queremos <\/span><strong>visibilizar la comarca y poner en valor todo su potencial tur&iacute;stico<\/strong><span style=\"font-weight: 400\">.<\/span><\/p><\/p>\t\t\t\t\t\t\t\t<\/div>\n\t\t\t\t<\/div>\n\t\t\t\t\t<\/div>\n\t\t\t\t<\/div>\n\t\t<div class=\"elementor-element elementor-element-eabf107 e-flex e-con-boxed e-con e-parent\" data-id=\"eabf107\" data-element_type=\"container\">\n\t\t\t\t\t<div class=\"e-con-inner\">\n\t\t\t\t\t<\/div>\n\t\t\t\t<\/div>\n\t\t\t\t<section class=\"elementor-section elementor-top-section elementor-element elementor-element-8e981bd elementor-section-full_width elementor-section-height-default elementor-section-height-default qodef-elementor-content-no\" data-id=\"8e981bd\" data-element_type=\"section\">\n\t\t\t\t\t\t\t<div class=\"elementor-background-overlay\"><\/div>\n\t\t\t\t\t\t\t<div class=\"elementor-container elementor-column-gap-default\">\n\t\t\t\t\t<div class=\"elementor-column elementor-col-100 elementor-top-column elementor-element elementor-element-99e230c\" data-id=\"99e230c\" data-element_type=\"column\">\n\t\t\t<div class=\"elementor-widget-wrap elementor-element-populated\">\n\t\t\t\t\t\t<div class=\"elementor-element elementor-element-e12a8ca elementor-widget elementor-widget-qi_addons_for_elementor_clients_list\" data-id=\"e12a8ca\" data-element_type=\"widget\" data-widget_type=\"qi_addons_for_elementor_clients_list.default\">\n\t\t\t\t<div class=\"elementor-widget-container\">\n\t\t\t\t\t<div class=\"qodef-shortcode qodef-m qodef-qi-clients-list qodef-border--no qodef-qi-grid qodef-layout--qi-columns qodef-col-num--8 qodef-responsive--custom qodef-col-num--1680--3 qodef-col-num--1440--3 qodef-col-num--1366--3 qodef-col-num--1024--3 qodef-col-num--768--3 qodef-col-num--680--3 qodef-col-num--480--1\">\n\t<div class=\"qodef-grid-inner\">\n\t\t<div class=\"qodef-e qodef-grid-item\">\n\t<div class=\"qodef-e-inner\">\n\t\t\t\t\t<a href=\"#\" target=\"_self\">\n\t\t\t\t<div class=\"qodef-e-images-holder\">\n\t\t\t\t\t\t\t\t<\/div>\n\t\t\t\t\t<\/a>\n\t\t\t\t\t\t\t<p class=\"qodef-e-text\">\n\t\tORGANIZA:\t<\/p>\n\t\t\t<\/div>\n<\/div>\n<div class=\"qodef-e qodef-grid-item\">\n\t<div class=\"qodef-e-inner\">\n\t\t\t\t\t<a href=\"#\" target=\"_self\">\n\t\t\t\t<div class=\"qodef-e-images-holder\">\n\t\t\t\t\t\t\t<div class=\"qodef-e-main-image\">\n\t\t\t\t\t<img decoding=\"async\" width=\"155\" height=\"76\" src=\"https:\/\/i0.wp.com\/www.ficviaxiv.com\/wp-content\/uploads\/2024\/05\/asiciacion-cultural-2.webp?fit=155%2C76&amp;ssl=1\" class=\"attachment-full size-full\" alt=\"\" \/>\t\t\t\t<\/div>\n\t\t\t\t\t\t\t\t<\/div>\n\t\t\t\t\t<\/a>\n\t\t\t\t\t\t\t\t\t<\/div>\n<\/div>\n<div class=\"qodef-e qodef-grid-item\">\n\t<div class=\"qodef-e-inner\">\n\t\t\t\t\t<a href=\"#\" target=\"_self\">\n\t\t\t\t<div class=\"qodef-e-images-holder\">\n\t\t\t\t\t\t\t<div class=\"qodef-e-main-image\">\n\t\t\t\t\t<img decoding=\"async\" width=\"155\" height=\"76\" src=\"https:\/\/i0.wp.com\/www.ficviaxiv.com\/wp-content\/uploads\/2024\/05\/concello.webp?fit=155%2C76&amp;ssl=1\" class=\"attachment-full size-full\" alt=\"\" \/>\t\t\t\t<\/div>\n\t\t\t\t\t\t\t\t<\/div>\n\t\t\t\t\t<\/a>\n\t\t\t\t\t\t\t\t\t<\/div>\n<\/div>\n<div class=\"qodef-e qodef-grid-item\">\n\t<div class=\"qodef-e-inner\">\n\t\t\t\t\t<a href=\"#\" target=\"_self\">\n\t\t\t\t<div class=\"qodef-e-images-holder\">\n\t\t\t\t\t\t\t\t<\/div>\n\t\t\t\t\t<\/a>\n\t\t\t\t\t\t\t<p class=\"qodef-e-text\">\n\t\tALTO PATROCINIO:\t<\/p>\n\t\t\t<\/div>\n<\/div>\n<div class=\"qodef-e qodef-grid-item\">\n\t<div class=\"qodef-e-inner\">\n\t\t\t\t\t<a href=\"#\" target=\"_self\">\n\t\t\t\t<div class=\"qodef-e-images-holder\">\n\t\t\t\t\t\t\t<div class=\"qodef-e-main-image\">\n\t\t\t\t\t<img decoding=\"async\" width=\"154\" height=\"75\" src=\"https:\/\/i0.wp.com\/www.ficviaxiv.com\/wp-content\/uploads\/2024\/05\/dentalnova.webp?fit=154%2C75&amp;ssl=1\" class=\"attachment-full size-full\" alt=\"\" \/>\t\t\t\t<\/div>\n\t\t\t\t\t\t\t\t<\/div>\n\t\t\t\t\t<\/a>\n\t\t\t\t\t\t\t\t\t<\/div>\n<\/div>\n<div class=\"qodef-e qodef-grid-item\">\n\t<div class=\"qodef-e-inner\">\n\t\t\t\t\t<a href=\"#\" target=\"_self\">\n\t\t\t\t<div class=\"qodef-e-images-holder\">\n\t\t\t\t\t\t\t<div class=\"qodef-e-main-image\">\n\t\t\t\t\t<img loading=\"lazy\" decoding=\"async\" width=\"154\" height=\"75\" src=\"https:\/\/i0.wp.com\/www.ficviaxiv.com\/wp-content\/uploads\/2024\/05\/deputacion.webp?fit=154%2C75&amp;ssl=1\" class=\"attachment-full size-full\" alt=\"\" \/>\t\t\t\t<\/div>\n\t\t\t\t\t\t\t\t<\/div>\n\t\t\t\t\t<\/a>\n\t\t\t\t\t\t\t\t\t<\/div>\n<\/div>\n<div class=\"qodef-e qodef-grid-item\">\n\t<div class=\"qodef-e-inner\">\n\t\t\t\t\t<a href=\"#\" target=\"_self\">\n\t\t\t\t<div class=\"qodef-e-images-holder\">\n\t\t\t\t\t\t\t<div class=\"qodef-e-main-image\">\n\t\t\t\t\t<img loading=\"lazy\" decoding=\"async\" width=\"155\" height=\"76\" src=\"https:\/\/i0.wp.com\/www.ficviaxiv.com\/wp-content\/uploads\/2024\/05\/losada.webp?fit=155%2C76&amp;ssl=1\" class=\"attachment-full size-full\" alt=\"\" \/>\t\t\t\t<\/div>\n\t\t\t\t\t\t\t\t<\/div>\n\t\t\t\t\t<\/a>\n\t\t\t\t\t\t\t\t\t<\/div>\n<\/div>\n<div class=\"qodef-e qodef-grid-item\">\n\t<div class=\"qodef-e-inner\">\n\t\t\t\t\t<a href=\"#\" target=\"_self\">\n\t\t\t\t<div class=\"qodef-e-images-holder\">\n\t\t\t\t\t\t\t\t<\/div>\n\t\t\t\t\t<\/a>\n\t\t\t\t\t\t\t\t\t<\/div>\n<\/div>\n\t<\/div>\n<\/div>\n\t\t\t\t<\/div>\n\t\t\t\t<\/div>\n\t\t\t\t\t<\/div>\n\t\t<\/div>\n\t\t\t\t\t<\/div>\n\t\t<\/section>\n\t\t\t\t<section class=\"elementor-section elementor-top-section elementor-element elementor-element-02535da elementor-section-full_width qodef-elementor-content-grid elementor-section-height-default elementor-section-height-default\" data-id=\"02535da\" data-element_type=\"section\" data-settings=\"{&quot;background_background&quot;:&quot;classic&quot;}\">\n\t\t\t\t\t\t<div class=\"elementor-container elementor-column-gap-default\">\n\t\t\t\t\t<div class=\"elementor-column elementor-col-50 elementor-top-column elementor-element elementor-element-9bb453b\" data-id=\"9bb453b\" data-element_type=\"column\">\n\t\t\t<div class=\"elementor-widget-wrap\">\n\t\t\t\t\t\t\t<\/div>\n\t\t<\/div>\n\t\t\t\t<div class=\"elementor-column elementor-col-50 elementor-top-column elementor-element elementor-element-bbf4db5\" data-id=\"bbf4db5\" data-element_type=\"column\">\n\t\t\t<div class=\"elementor-widget-wrap\">\n\t\t\t\t\t\t\t<\/div>\n\t\t<\/div>\n\t\t\t\t\t<\/div>\n\t\t<\/section>\n\t\t\t\t<section class=\"elementor-section elementor-top-section elementor-element elementor-element-148e6b2 elementor-section-full_width qodef-elementor-content-grid elementor-section-height-default elementor-section-height-default\" data-id=\"148e6b2\" data-element_type=\"section\" data-settings=\"{&quot;background_background&quot;:&quot;classic&quot;}\">\n\t\t\t\t\t\t<div class=\"elementor-container elementor-column-gap-default\">\n\t\t\t\t\t<div class=\"elementor-column elementor-col-50 elementor-top-column elementor-element elementor-element-0149ff1\" data-id=\"0149ff1\" data-element_type=\"column\">\n\t\t\t<div class=\"elementor-widget-wrap elementor-element-populated\">\n\t\t\t\t\t\t<div class=\"elementor-element elementor-element-e696b31 elementor-widget elementor-widget-coppola_core_section_title\" data-id=\"e696b31\" data-element_type=\"widget\" data-widget_type=\"coppola_core_section_title.default\">\n\t\t\t\t<div class=\"elementor-widget-container\">\n\t\t\t\t\t<div class=\"qodef-shortcode qodef-m  qodef-section-title qodef-alignment--left\">\n\t\t<p class=\"qodef-m-subtitle\" >CONTACTO<\/p>\n\t\t<h2 class=\"qodef-m-title\" >\n\t\t\t\t\tESCR\u00cdBENOS TE RESPONDEREMOS<br \/> R\u00c1PIDO <span class=\"qodef-e-custom-color\" style=\"color: #000000\">POR<\/span> CORREO \t\t\t<\/h2>\n\t\t\t<p class=\"qodef-m-button\" style=\"margin-top: 41px\">\n\t\t<a class=\"qodef-shortcode qodef-m  qodef-button qodef-layout--outlined  qodef-skin--dark qodef-html--link\" href=\"https:\/\/www.ficviaxiv.com\/es\/contacto\/\" target=\"_self\" data-hover-color=\"#FFFFFF\" data-hover-background-color=\"#000000\" data-hover-border-color=\"#000000\" >\t<span class=\"qodef-m-text\">Contacta<\/span><\/a>\t<\/p>\n<\/div>\n\t\t\t\t<\/div>\n\t\t\t\t<\/div>\n\t\t\t\t\t<\/div>\n\t\t<\/div>\n\t\t\t\t<div class=\"elementor-column elementor-col-50 elementor-top-column elementor-element elementor-element-5aee3e6\" data-id=\"5aee3e6\" data-element_type=\"column\">\n\t\t\t<div class=\"elementor-widget-wrap elementor-element-populated\">\n\t\t\t\t\t\t<div class=\"elementor-element elementor-element-5c1a7f0 elementor-widget elementor-widget-text-editor\" data-id=\"5c1a7f0\" data-element_type=\"widget\" data-widget_type=\"text-editor.default\">\n\t\t\t\t<div class=\"elementor-widget-container\">\n\t\t\t\t\t\t\t\t\t<h6>LAURELES<\/h6>\t\t\t\t\t\t\t\t<\/div>\n\t\t\t\t<\/div>\n\t\t\t\t<div class=\"elementor-element elementor-element-b2a5dc9 elementor-widget elementor-widget-qi_addons_for_elementor_clients_list\" data-id=\"b2a5dc9\" data-element_type=\"widget\" data-widget_type=\"qi_addons_for_elementor_clients_list.default\">\n\t\t\t\t<div class=\"elementor-widget-container\">\n\t\t\t\t\t<div class=\"qodef-shortcode qodef-m qodef-qi-clients-list qodef-border--no qodef-qi-grid qodef-layout--qi-columns qodef-col-num--3 qodef-responsive--custom qodef-col-num--1680--3 qodef-col-num--1440--3 qodef-col-num--1366--3 qodef-col-num--1024--3 qodef-col-num--768--3 qodef-col-num--680--1 qodef-col-num--480--1\">\n\t<div class=\"qodef-grid-inner\">\n\t\t<div class=\"qodef-e qodef-grid-item\">\n\t<div class=\"qodef-e-inner\">\n\t\t\t\t<div class=\"qodef-e-images-holder\">\n\t\t\t\t\t\t\t\t<\/div>\n\t\t\t\t\t\t\t\t\t<\/div>\n<\/div>\n<div class=\"qodef-e qodef-grid-item\">\n\t<div class=\"qodef-e-inner\">\n\t\t\t\t<div class=\"qodef-e-images-holder\">\n\t\t\t\t\t\t\t<div class=\"qodef-e-main-image\">\n\t\t\t\t\t<img loading=\"lazy\" decoding=\"async\" width=\"146\" height=\"113\" src=\"https:\/\/i0.wp.com\/www.ficviaxiv.com\/wp-content\/uploads\/2024\/05\/special2024.png?fit=146%2C113&amp;ssl=1\" class=\"attachment-full size-full\" alt=\"\" \/>\t\t\t\t<\/div>\n\t\t\t\t\t\t\t\t<\/div>\n\t\t\t\t\t\t\t\t\t<\/div>\n<\/div>\n<div class=\"qodef-e qodef-grid-item\">\n\t<div class=\"qodef-e-inner\">\n\t\t\t\t<div class=\"qodef-e-images-holder\">\n\t\t\t\t\t\t\t\t<\/div>\n\t\t\t\t\t\t\t\t\t<\/div>\n<\/div>\n\t<\/div>\n<\/div>\n\t\t\t\t<\/div>\n\t\t\t\t<\/div>\n\t\t\t\t<div class=\"elementor-element elementor-element-ecfbb89 elementor-widget elementor-widget-qi_addons_for_elementor_clients_list\" data-id=\"ecfbb89\" data-element_type=\"widget\" data-widget_type=\"qi_addons_for_elementor_clients_list.default\">\n\t\t\t\t<div class=\"elementor-widget-container\">\n\t\t\t\t\t<div class=\"qodef-shortcode qodef-m qodef-qi-clients-list qodef-border--no qodef-qi-grid qodef-layout--qi-columns qodef-col-num--3 qodef-responsive--custom qodef-col-num--1680--3 qodef-col-num--1440--3 qodef-col-num--1366--3 qodef-col-num--1024--3 qodef-col-num--768--3 qodef-col-num--680--1 qodef-col-num--480--1\">\n\t<div class=\"qodef-grid-inner\">\n\t\t<div class=\"qodef-e qodef-grid-item\">\n\t<div class=\"qodef-e-inner\">\n\t\t\t\t<div class=\"qodef-e-images-holder\">\n\t\t\t\t\t\t\t\t<\/div>\n\t\t\t\t\t\t\t\t\t<\/div>\n<\/div>\n<div class=\"qodef-e qodef-grid-item\">\n\t<div class=\"qodef-e-inner\">\n\t\t\t\t<div class=\"qodef-e-images-holder\">\n\t\t\t\t\t\t\t<div class=\"qodef-e-main-image\">\n\t\t\t\t\t<img loading=\"lazy\" decoding=\"async\" width=\"145\" height=\"113\" src=\"https:\/\/i0.wp.com\/www.ficviaxiv.com\/wp-content\/uploads\/2024\/05\/official2024.png?fit=145%2C113&amp;ssl=1\" class=\"attachment-full size-full\" alt=\"\" \/>\t\t\t\t<\/div>\n\t\t\t\t\t\t\t\t<\/div>\n\t\t\t\t\t\t\t\t\t<\/div>\n<\/div>\n<div class=\"qodef-e qodef-grid-item\">\n\t<div class=\"qodef-e-inner\">\n\t\t\t\t<div class=\"qodef-e-images-holder\">\n\t\t\t\t\t\t\t\t<\/div>\n\t\t\t\t\t\t\t\t\t<\/div>\n<\/div>\n\t<\/div>\n<\/div>\n\t\t\t\t<\/div>\n\t\t\t\t<\/div>\n\t\t\t\t\t<\/div>\n\t\t<\/div>\n\t\t\t\t\t<\/div>\n\t\t<\/section>\n\t\t\t\t<\/div>","protected":false},"excerpt":{"rendered":"<p>Que \u00e9 o FIC V\u00eda XIV? \u00a0 Os festivais de cinema como o FIC V\u00eda XIV \u00e9rguense como faros de pensamento cr\u00edtico, ofrecendo un espazo no que as pel\u00edculas transcenden o seu papel propiamente visual para converterse en catalizadores de di\u00e1logo e acci\u00f3n. Son foros nos que a audiencia \u00e9 desaf\u00edada a contemplar, debater e [&hellip;]<\/p>","protected":false},"author":1,"featured_media":0,"parent":0,"menu_order":0,"comment_status":"closed","ping_status":"closed","template":"page-full-width.php","meta":{"jetpack_post_was_ever_published":false,"footnotes":""},"class_list":["post-9348","page","type-page","status-publish","hentry"],"jetpack_sharing_enabled":true,"_links":{"self":[{"href":"https:\/\/www.ficviaxiv.com\/es\/wp-json\/wp\/v2\/pages\/9348","targetHints":{"allow":["GET"]}}],"collection":[{"href":"https:\/\/www.ficviaxiv.com\/es\/wp-json\/wp\/v2\/pages"}],"about":[{"href":"https:\/\/www.ficviaxiv.com\/es\/wp-json\/wp\/v2\/types\/page"}],"author":[{"embeddable":true,"href":"https:\/\/www.ficviaxiv.com\/es\/wp-json\/wp\/v2\/users\/1"}],"replies":[{"embeddable":true,"href":"https:\/\/www.ficviaxiv.com\/es\/wp-json\/wp\/v2\/comments?post=9348"}],"version-history":[{"count":5,"href":"https:\/\/www.ficviaxiv.com\/es\/wp-json\/wp\/v2\/pages\/9348\/revisions"}],"predecessor-version":[{"id":13473,"href":"https:\/\/www.ficviaxiv.com\/es\/wp-json\/wp\/v2\/pages\/9348\/revisions\/13473"}],"wp:attachment":[{"href":"https:\/\/www.ficviaxiv.com\/es\/wp-json\/wp\/v2\/media?parent=9348"}],"curies":[{"name":"wp","href":"https:\/\/api.w.org\/{rel}","templated":true}]}}