{"id":9761,"date":"2024-05-28T11:04:54","date_gmt":"2024-05-28T09:04:54","guid":{"rendered":"https:\/\/ficviaxiv.com\/?page_id=9761"},"modified":"2025-05-21T09:09:46","modified_gmt":"2025-05-21T07:09:46","slug":"xurado-novo","status":"publish","type":"page","link":"https:\/\/www.ficviaxiv.com\/es\/xurado-novo\/","title":{"rendered":"JURADO JOVEN"},"content":{"rendered":"<div data-elementor-type=\"wp-page\" data-elementor-id=\"9761\" class=\"elementor elementor-9761\">\n\t\t\t\t\t\t<section class=\"elementor-section elementor-top-section elementor-element elementor-element-f65320c elementor-section-full_width elementor-section-height-default elementor-section-height-default qodef-elementor-content-no\" data-id=\"f65320c\" data-element_type=\"section\">\n\t\t\t\t\t\t<div class=\"elementor-container elementor-column-gap-default\">\n\t\t\t\t\t<div class=\"elementor-column elementor-col-100 elementor-top-column elementor-element elementor-element-a206993\" data-id=\"a206993\" data-element_type=\"column\" data-settings=\"{&quot;background_background&quot;:&quot;classic&quot;}\">\n\t\t\t<div class=\"elementor-widget-wrap elementor-element-populated\">\n\t\t\t\t\t\t<div class=\"elementor-element elementor-element-519e31c elementor-widget elementor-widget-spacer\" data-id=\"519e31c\" data-element_type=\"widget\" data-widget_type=\"spacer.default\">\n\t\t\t\t<div class=\"elementor-widget-container\">\n\t\t\t\t\t\t\t<div class=\"elementor-spacer\">\n\t\t\t<div class=\"elementor-spacer-inner\"><\/div>\n\t\t<\/div>\n\t\t\t\t\t\t<\/div>\n\t\t\t\t<\/div>\n\t\t\t\t\t<\/div>\n\t\t<\/div>\n\t\t\t\t\t<\/div>\n\t\t<\/section>\n\t\t\t\t<section class=\"elementor-section elementor-top-section elementor-element elementor-element-fb7c784 elementor-section-full_width qodef-elementor-content-grid elementor-section-height-default elementor-section-height-default\" data-id=\"fb7c784\" data-element_type=\"section\">\n\t\t\t\t\t\t<div class=\"elementor-container elementor-column-gap-default\">\n\t\t\t\t\t<div class=\"elementor-column elementor-col-50 elementor-top-column elementor-element elementor-element-953f36b\" data-id=\"953f36b\" data-element_type=\"column\">\n\t\t\t<div class=\"elementor-widget-wrap elementor-element-populated\">\n\t\t\t\t\t\t<div class=\"elementor-element elementor-element-b71e81c elementor-widget elementor-widget-coppola_core_section_title\" data-id=\"b71e81c\" data-element_type=\"widget\" data-widget_type=\"coppola_core_section_title.default\">\n\t\t\t\t<div class=\"elementor-widget-container\">\n\t\t\t\t\t<div class=\"qodef-shortcode qodef-m  qodef-section-title qodef-alignment--left\">\n\t\t\t<h1 class=\"qodef-m-title\" >\n\t\t\t\t\tJURADO JOVEN\t\t\t<\/h1>\n\t\t<\/div>\n\t\t\t\t<\/div>\n\t\t\t\t<\/div>\n\t\t\t\t\t<\/div>\n\t\t<\/div>\n\t\t\t\t<div class=\"elementor-column elementor-col-50 elementor-top-column elementor-element elementor-element-66d0831\" data-id=\"66d0831\" data-element_type=\"column\">\n\t\t\t<div class=\"elementor-widget-wrap elementor-element-populated\">\n\t\t\t\t\t\t\t<\/div>\n\t\t<\/div>\n\t\t\t\t\t<\/div>\n\t\t<\/section>\n\t\t<div class=\"elementor-element elementor-element-13f2c55 e-flex e-con-boxed e-con e-parent\" data-id=\"13f2c55\" data-element_type=\"container\">\n\t\t\t\t\t<div class=\"e-con-inner\">\n\t\t\t\t<div class=\"elementor-element elementor-element-98b8f59 elementor-widget elementor-widget-text-editor\" data-id=\"98b8f59\" data-element_type=\"widget\" data-widget_type=\"text-editor.default\">\n\t\t\t\t<div class=\"elementor-widget-container\">\n\t\t\t\t\t\t\t\t\t<p>\u00a0<\/p><h6><b>OBJETIVO DEL PREMIO<\/b><\/h6><p><span style=\"font-weight: 400;\">El \"Premio Xurado Novo\" del FIC V\u00eda XIV de Ver\u00edn busca involucrar a la juventud en el contexto del festival, permitiendo que personas j\u00f3venes interesadas en el \u00e1mbito del cine o la cultura conozcan de primera mano el funcionamiento de un certamen de estas caracter\u00edsticas, se relacionen con cineastas y accedan a contenidos alternativos de alta calidad.<\/span><\/p><h6><b>Bases del proceso de selecci\u00f3n ddel Xurado Novo para la 10\u00ba edici\u00f3n del FIC V\u00eda XIV de Ver\u00edn<\/b><\/h6><p><span style=\"font-weight: 400;\">Esta convocatoria responde ao proceso de selecci\u00f3n do Xurado Novo para a 10\u00ba edici\u00f3n do FIC V\u00eda XIV de Ver\u00edn, que se celebrar\u00e1 entre os d\u00edas 28 de agosto e 6 de setembro de 2025.<\/span><\/p><p><span style=\"font-weight: 400;\">El Xurado Novo estar\u00e1 conformado por cinco personas, cuyo veredicto decidir\u00e1 el \"Premio Jurado Nuevo del FIC V\u00eda XIV\".<\/span><\/p><h6><b>Participantes<\/b><\/h6><ul><li style=\"font-weight: 400;\" aria-level=\"1\"><span style=\"font-weight: 400;\">Podr\u00e1 participar cualquier persona entre 16 y 30 a\u00f1os.<\/span><\/li><li style=\"font-weight: 400;\" aria-level=\"1\"><span style=\"font-weight: 400;\">Aunque no ser\u00e1 imprescindible, se valorar\u00e1 positivamente que:<\/span><ul><li style=\"font-weight: 400;\" aria-level=\"2\"><span style=\"font-weight: 400;\">Colaboren en otros proyectos culturales o art\u00edsticos.<\/span><\/li><li style=\"font-weight: 400;\" aria-level=\"2\"><span style=\"font-weight: 400;\">Est\u00e9n cursando formaci\u00f3n relacionada con el \u00e1mbito audiovisual o las artes.<\/span><\/li><li style=\"font-weight: 400;\" aria-level=\"2\"><span style=\"font-weight: 400;\">Tengan relaci\u00f3n directa con el entorno de Ver\u00edn, Ourense o Alto T\u00e1mega - Tras os Montes.<\/span><\/li><\/ul><\/li><\/ul><p><span style=\"font-weight: 400;\">El comit\u00e9 de selecci\u00f3n estar\u00e1 conformado por el personal del FIC V\u00eda XIV y la Asociaci\u00f3n Cultural V\u00eda XIV.<\/span><\/p><p><span style=\"font-weight: 400;\">El proceso de selecci\u00f3n tendr\u00e1 en cuenta criterios de igualdad y diversidad, as\u00ed como la representaci\u00f3n de distintos per\ufb01les culturales y sociales.<\/span><\/p><p><span style=\"font-weight: 400;\">No podr\u00e1n formar parte del Xurado Novo aquellas personas que ya hayan participado en ediciones anteriores como parte del Jurado O\ufb01cial o del Xurado Novo.<\/span><\/p><h6><b>Presentaci\u00f3n de solicitudes y documentaci\u00f3n<\/b><\/h6><p><span style=\"font-weight: 400;\">Las solicitudes deber\u00e1n presentarse a trav\u00e9s del formulario disponible en la web <\/span><a href=\"https:\/\/www.ficviaxiv.com\/es\/\"><span style=\"font-weight: 400;\">www.\ufb01cviaxiv.com<\/span><\/a><\/p><p><span style=\"font-weight: 400;\">Plazo de solicitud: Del 15 de marzo al 10 de junio de 2025.<\/span><span style=\"font-weight: 400;\"><br \/><\/span><\/p><p><span style=\"font-weight: 400;\">Las personas seleccionadas deber\u00e1n enviar posteriormente:<\/span><\/p><ul><li style=\"font-weight: 400;\" aria-level=\"1\"><span style=\"font-weight: 400;\">Imagen de per\ufb01l.<\/span><\/li><li style=\"font-weight: 400;\" aria-level=\"1\"><span style=\"font-weight: 400;\">Fotocopia del DNI.<\/span><\/li><li style=\"font-weight: 400;\" aria-level=\"1\"><span style=\"font-weight: 400;\">Permiso escrito de autorizaci\u00f3n de los tutores legales en caso de ser menores de edad.<\/span><\/li><\/ul><p><span style=\"font-weight: 400;\">Los datos facilitados ser\u00e1n tratados conforme a la normativa vigente en materia de protecci\u00f3n de datos, garantizando su con\ufb01dencialidad y utiliz\u00e1ndose exclusivamente para los \ufb01nes relacionados con el proceso de selecci\u00f3n.<\/span><\/p><h6><b>Selecci\u00f3n y comunicaci\u00f3n:<\/b><\/h6><ul><li style=\"font-weight: 400;\" aria-level=\"1\"><span style=\"font-weight: 400;\">El equipo del festival se pondr\u00e1 en contacto con las personas solicitantes para con\ufb01rmar la recepci\u00f3n de la inscripci\u00f3n lo antes posible desde el correo <\/span><a href=\"about:blank\"><span style=\"font-weight: 400;\">producion@\ufb01cviaxiv.com<\/span><\/a><\/li><li style=\"font-weight: 400;\" aria-level=\"1\"><span style=\"font-weight: 400;\">La organizaci\u00f3n seleccionar\u00e1 tres candidatas o candidatos, que ser\u00e1n noti\ufb01cados por el equipo de producci\u00f3n del festival una vez \ufb01nalizado el plazo de recepci\u00f3n de solicitudes el 10 de junio.<\/span><\/li><li style=\"font-weight: 400;\" aria-level=\"1\"><span style=\"font-weight: 400;\">Una vez con\ufb01rmada su participaci\u00f3n, la selecci\u00f3n ser\u00e1 publicada en la web o\ufb01cial del festival.<\/span><\/li><li style=\"font-weight: 400;\" aria-level=\"1\"><span style=\"font-weight: 400;\">Todas las personas inscritas, sean o no seleccionadas, recibir\u00e1n pases gratuitos para asistir a las proyecciones o\ufb01ciales del festival. La organizaci\u00f3n contactar\u00e1 directamente para facilitar el procedimiento de obtenci\u00f3n de los pases.<\/span><\/li><\/ul><h6><b>Condiciones de participaci\u00f3n<\/b><\/h6><ul><li style=\"font-weight: 400;\" aria-level=\"1\"><span style=\"font-weight: 400;\">Ser miembro del Xurado Novo implicar\u00e1 disponibilidad presencial durante los d\u00edas del certamen.<\/span><\/li><li style=\"font-weight: 400;\" aria-level=\"1\"><span style=\"font-weight: 400;\">Los miembros deber\u00e1n visionar todas las cortometrajes a concurso, asistiendo a las proyecciones presenciales.<\/span><\/li><li style=\"font-weight: 400;\" aria-level=\"1\"><span style=\"font-weight: 400;\">Ser\u00e1 obligatoria una reuni\u00f3n presencial para la deliberaci\u00f3n \ufb01nal.<\/span><\/li><li style=\"font-weight: 400;\" aria-level=\"1\"><span style=\"font-weight: 400;\">El festival cubrir\u00e1 los gastos de desplazamiento y alojamiento para las personas seleccionadas que no residan en el entorno de Ver\u00edn.<\/span><\/li><\/ul><h6><b>Cada miembro recibir\u00e1:<\/b><\/h6><ul><li style=\"font-weight: 400;\" aria-level=\"1\"><span style=\"font-weight: 400;\">Acreditaci\u00f3n de equipo.<\/span><\/li><li style=\"font-weight: 400;\" aria-level=\"1\"><span style=\"font-weight: 400;\">Pase ilimitado para proyecciones.<\/span><\/li><li style=\"font-weight: 400;\" aria-level=\"1\"><span style=\"font-weight: 400;\">Acceso a las actividades paralelas audiovisuales programadas durante el festival.<\/span><\/li><li style=\"font-weight: 400;\" aria-level=\"1\"><span style=\"font-weight: 400;\">Acceso a las actividades formativas programadas durante el festival.<\/span><\/li><li style=\"font-weight: 400;\" aria-level=\"1\"><span style=\"font-weight: 400;\">Acceso a los caterings o\ufb01ciales.<\/span><\/li><\/ul><h6><b>Formato y entrega del veredicto<\/b><\/h6><ul><li style=\"font-weight: 400;\" aria-level=\"1\"><span style=\"font-weight: 400;\">El Xurado Novo emitir\u00e1 un veredicto por escrito, que se entregar\u00e1 a la Direcci\u00f3n del festival tras una reuni\u00f3n deliberativa.<\/span><\/li><li style=\"font-weight: 400;\" aria-level=\"1\"><span style=\"font-weight: 400;\">Este veredicto determinar\u00e1 un \u00fanico ganador entre los cortometrajes de las secciones NOVA y A RAIA.<\/span><\/li><li style=\"font-weight: 400;\" aria-level=\"1\"><span style=\"font-weight: 400;\">Podr\u00e1n otorgarse premios ex aequo.<\/span><\/li><\/ul><p><span style=\"font-weight: 400;\">La organizaci\u00f3n explicar\u00e1 previamente el proceso y resolver\u00e1 cualquier duda.<\/span><\/p><h6><b>Idioma y accesibilidad<\/b><\/h6><p><span style=\"font-weight: 400;\">Las proyecciones de los cortometrajes estar\u00e1n subtituladas en gallego o en castellano, garantizando el acceso y comprensi\u00f3n por parte de todo el p\u00fablico.\nEl festival procura ofrecer actividades inclusivas y accesibles, facilitando la participaci\u00f3n de personas con diversas necesidades.<\/span><\/p>\t\t\t\t\t\t\t\t<\/div>\n\t\t\t\t<\/div>\n\t\t\t\t\t<\/div>\n\t\t\t\t<\/div>\n\t\t<div class=\"elementor-element elementor-element-eabf107 e-flex e-con-boxed e-con e-parent\" data-id=\"eabf107\" data-element_type=\"container\">\n\t\t\t\t\t<div class=\"e-con-inner\">\n\t\t\t\t<div class=\"elementor-element elementor-element-362d134 elementor-widget elementor-widget-coppola_core_button\" data-id=\"362d134\" data-element_type=\"widget\" data-widget_type=\"coppola_core_button.default\">\n\t\t\t\t<div class=\"elementor-widget-container\">\n\t\t\t\t\t<a class=\"qodef-shortcode qodef-m  qodef-button qodef-layout--outlined  qodef-skin--dark qodef-html--link\" href=\"https:\/\/ficviaxiv.com\/wp-content\/uploads\/2025\/03\/CAST_BASES_XURADO_NOVO_2025.pdf\" target=\"_blank\"  >\n\t<span class=\"qodef-m-text\">DESCARGAR BASES 2025<\/span>\n<\/a>\n\t\t\t\t<\/div>\n\t\t\t\t<\/div>\n\t\t\t\t<div class=\"elementor-element elementor-element-545e88e elementor-widget elementor-widget-coppola_core_button\" data-id=\"545e88e\" data-element_type=\"widget\" data-widget_type=\"coppola_core_button.default\">\n\t\t\t\t<div class=\"elementor-widget-container\">\n\t\t\t\t\t<a class=\"qodef-shortcode qodef-m  qodef-button qodef-layout--outlined  qodef-skin--dark qodef-html--link\" href=\"https:\/\/www.ficviaxiv.com\/es\/formulario-xurado-novo\/\" target=\"_self\"  >\n\t<span class=\"qodef-m-text\">CUBRIR EL FORMULARIO DE SOLICITUD<\/span>\n<\/a>\n\t\t\t\t<\/div>\n\t\t\t\t<\/div>\n\t\t\t\t\t<\/div>\n\t\t\t\t<\/div>\n\t\t<div class=\"elementor-element elementor-element-df5f4ec e-flex e-con-boxed e-con e-parent\" data-id=\"df5f4ec\" data-element_type=\"container\">\n\t\t\t\t\t<div class=\"e-con-inner\">\n\t\t\t\t<div class=\"elementor-element elementor-element-a61dbb7 elementor-widget elementor-widget-spacer\" data-id=\"a61dbb7\" data-element_type=\"widget\" data-widget_type=\"spacer.default\">\n\t\t\t\t<div class=\"elementor-widget-container\">\n\t\t\t\t\t\t\t<div class=\"elementor-spacer\">\n\t\t\t<div class=\"elementor-spacer-inner\"><\/div>\n\t\t<\/div>\n\t\t\t\t\t\t<\/div>\n\t\t\t\t<\/div>\n\t\t\t\t\t<\/div>\n\t\t\t\t<\/div>\n\t\t<div class=\"elementor-element elementor-element-850bb69 e-flex e-con-boxed e-con e-parent\" data-id=\"850bb69\" data-element_type=\"container\">\n\t\t\t\t\t<div class=\"e-con-inner\">\n\t\t\t\t<div class=\"elementor-element elementor-element-be2408a elementor-widget elementor-widget-spacer\" data-id=\"be2408a\" data-element_type=\"widget\" data-widget_type=\"spacer.default\">\n\t\t\t\t<div class=\"elementor-widget-container\">\n\t\t\t\t\t\t\t<div class=\"elementor-spacer\">\n\t\t\t<div class=\"elementor-spacer-inner\"><\/div>\n\t\t<\/div>\n\t\t\t\t\t\t<\/div>\n\t\t\t\t<\/div>\n\t\t\t\t\t<\/div>\n\t\t\t\t<\/div>\n\t\t\t\t<section class=\"elementor-section elementor-top-section elementor-element elementor-element-8e981bd elementor-section-full_width elementor-section-height-default elementor-section-height-default qodef-elementor-content-no\" data-id=\"8e981bd\" data-element_type=\"section\">\n\t\t\t\t\t\t\t<div class=\"elementor-background-overlay\"><\/div>\n\t\t\t\t\t\t\t<div class=\"elementor-container elementor-column-gap-default\">\n\t\t\t\t\t<div class=\"elementor-column elementor-col-100 elementor-top-column elementor-element elementor-element-99e230c\" data-id=\"99e230c\" data-element_type=\"column\">\n\t\t\t<div class=\"elementor-widget-wrap elementor-element-populated\">\n\t\t\t\t\t\t<div class=\"elementor-element elementor-element-e12a8ca elementor-widget elementor-widget-qi_addons_for_elementor_clients_list\" data-id=\"e12a8ca\" data-element_type=\"widget\" data-widget_type=\"qi_addons_for_elementor_clients_list.default\">\n\t\t\t\t<div class=\"elementor-widget-container\">\n\t\t\t\t\t<div class=\"qodef-shortcode qodef-m qodef-qi-clients-list qodef-border--no qodef-qi-grid qodef-layout--qi-columns qodef-col-num--8 qodef-responsive--custom qodef-col-num--1680--3 qodef-col-num--1440--3 qodef-col-num--1366--3 qodef-col-num--1024--3 qodef-col-num--768--3 qodef-col-num--680--3 qodef-col-num--480--1\">\n\t<div class=\"qodef-grid-inner\">\n\t\t<div class=\"qodef-e qodef-grid-item\">\n\t<div class=\"qodef-e-inner\">\n\t\t\t\t\t<a href=\"#\" target=\"_self\">\n\t\t\t\t<div class=\"qodef-e-images-holder\">\n\t\t\t\t\t\t\t\t<\/div>\n\t\t\t\t\t<\/a>\n\t\t\t\t\t\t\t<p class=\"qodef-e-text\">\n\t\tORGANIZA:\t<\/p>\n\t\t\t<\/div>\n<\/div>\n<div class=\"qodef-e qodef-grid-item\">\n\t<div class=\"qodef-e-inner\">\n\t\t\t\t\t<a href=\"#\" target=\"_self\">\n\t\t\t\t<div class=\"qodef-e-images-holder\">\n\t\t\t\t\t\t\t<div class=\"qodef-e-main-image\">\n\t\t\t\t\t<img decoding=\"async\" width=\"155\" height=\"76\" src=\"https:\/\/i0.wp.com\/www.ficviaxiv.com\/wp-content\/uploads\/2024\/05\/asiciacion-cultural-2.webp?fit=155%2C76&amp;ssl=1\" class=\"attachment-full size-full\" alt=\"\" \/>\t\t\t\t<\/div>\n\t\t\t\t\t\t\t\t<\/div>\n\t\t\t\t\t<\/a>\n\t\t\t\t\t\t\t\t\t<\/div>\n<\/div>\n<div class=\"qodef-e qodef-grid-item\">\n\t<div class=\"qodef-e-inner\">\n\t\t\t\t\t<a href=\"#\" target=\"_self\">\n\t\t\t\t<div class=\"qodef-e-images-holder\">\n\t\t\t\t\t\t\t<div class=\"qodef-e-main-image\">\n\t\t\t\t\t<img decoding=\"async\" width=\"155\" height=\"76\" src=\"https:\/\/i0.wp.com\/www.ficviaxiv.com\/wp-content\/uploads\/2024\/05\/concello.webp?fit=155%2C76&amp;ssl=1\" class=\"attachment-full size-full\" alt=\"\" \/>\t\t\t\t<\/div>\n\t\t\t\t\t\t\t\t<\/div>\n\t\t\t\t\t<\/a>\n\t\t\t\t\t\t\t\t\t<\/div>\n<\/div>\n<div class=\"qodef-e qodef-grid-item\">\n\t<div class=\"qodef-e-inner\">\n\t\t\t\t\t<a href=\"#\" target=\"_self\">\n\t\t\t\t<div class=\"qodef-e-images-holder\">\n\t\t\t\t\t\t\t\t<\/div>\n\t\t\t\t\t<\/a>\n\t\t\t\t\t\t\t<p class=\"qodef-e-text\">\n\t\tALTO PATROCINIO:\t<\/p>\n\t\t\t<\/div>\n<\/div>\n<div class=\"qodef-e qodef-grid-item\">\n\t<div class=\"qodef-e-inner\">\n\t\t\t\t\t<a href=\"#\" target=\"_self\">\n\t\t\t\t<div class=\"qodef-e-images-holder\">\n\t\t\t\t\t\t\t<div class=\"qodef-e-main-image\">\n\t\t\t\t\t<img decoding=\"async\" width=\"154\" height=\"75\" src=\"https:\/\/i0.wp.com\/www.ficviaxiv.com\/wp-content\/uploads\/2024\/05\/dentalnova.webp?fit=154%2C75&amp;ssl=1\" class=\"attachment-full size-full\" alt=\"\" \/>\t\t\t\t<\/div>\n\t\t\t\t\t\t\t\t<\/div>\n\t\t\t\t\t<\/a>\n\t\t\t\t\t\t\t\t\t<\/div>\n<\/div>\n<div class=\"qodef-e qodef-grid-item\">\n\t<div class=\"qodef-e-inner\">\n\t\t\t\t\t<a href=\"#\" target=\"_self\">\n\t\t\t\t<div class=\"qodef-e-images-holder\">\n\t\t\t\t\t\t\t<div class=\"qodef-e-main-image\">\n\t\t\t\t\t<img loading=\"lazy\" decoding=\"async\" width=\"154\" height=\"75\" src=\"https:\/\/i0.wp.com\/www.ficviaxiv.com\/wp-content\/uploads\/2024\/05\/deputacion.webp?fit=154%2C75&amp;ssl=1\" class=\"attachment-full size-full\" alt=\"\" \/>\t\t\t\t<\/div>\n\t\t\t\t\t\t\t\t<\/div>\n\t\t\t\t\t<\/a>\n\t\t\t\t\t\t\t\t\t<\/div>\n<\/div>\n<div class=\"qodef-e qodef-grid-item\">\n\t<div class=\"qodef-e-inner\">\n\t\t\t\t\t<a href=\"#\" target=\"_self\">\n\t\t\t\t<div class=\"qodef-e-images-holder\">\n\t\t\t\t\t\t\t<div class=\"qodef-e-main-image\">\n\t\t\t\t\t<img loading=\"lazy\" decoding=\"async\" width=\"155\" height=\"76\" src=\"https:\/\/i0.wp.com\/www.ficviaxiv.com\/wp-content\/uploads\/2024\/05\/losada.webp?fit=155%2C76&amp;ssl=1\" class=\"attachment-full size-full\" alt=\"\" \/>\t\t\t\t<\/div>\n\t\t\t\t\t\t\t\t<\/div>\n\t\t\t\t\t<\/a>\n\t\t\t\t\t\t\t\t\t<\/div>\n<\/div>\n<div class=\"qodef-e qodef-grid-item\">\n\t<div class=\"qodef-e-inner\">\n\t\t\t\t\t<a href=\"#\" target=\"_self\">\n\t\t\t\t<div class=\"qodef-e-images-holder\">\n\t\t\t\t\t\t\t\t<\/div>\n\t\t\t\t\t<\/a>\n\t\t\t\t\t\t\t\t\t<\/div>\n<\/div>\n\t<\/div>\n<\/div>\n\t\t\t\t<\/div>\n\t\t\t\t<\/div>\n\t\t\t\t\t<\/div>\n\t\t<\/div>\n\t\t\t\t\t<\/div>\n\t\t<\/section>\n\t\t\t\t<section class=\"elementor-section elementor-top-section elementor-element elementor-element-02535da elementor-section-full_width qodef-elementor-content-grid elementor-section-height-default elementor-section-height-default\" data-id=\"02535da\" data-element_type=\"section\" data-settings=\"{&quot;background_background&quot;:&quot;classic&quot;}\">\n\t\t\t\t\t\t<div class=\"elementor-container elementor-column-gap-default\">\n\t\t\t\t\t<div class=\"elementor-column elementor-col-50 elementor-top-column elementor-element elementor-element-9bb453b\" data-id=\"9bb453b\" data-element_type=\"column\">\n\t\t\t<div class=\"elementor-widget-wrap\">\n\t\t\t\t\t\t\t<\/div>\n\t\t<\/div>\n\t\t\t\t<div class=\"elementor-column elementor-col-50 elementor-top-column elementor-element elementor-element-bbf4db5\" data-id=\"bbf4db5\" data-element_type=\"column\">\n\t\t\t<div class=\"elementor-widget-wrap\">\n\t\t\t\t\t\t\t<\/div>\n\t\t<\/div>\n\t\t\t\t\t<\/div>\n\t\t<\/section>\n\t\t\t\t<section class=\"elementor-section elementor-top-section elementor-element elementor-element-148e6b2 elementor-section-full_width qodef-elementor-content-grid elementor-section-height-default elementor-section-height-default\" data-id=\"148e6b2\" data-element_type=\"section\" data-settings=\"{&quot;background_background&quot;:&quot;classic&quot;}\">\n\t\t\t\t\t\t<div class=\"elementor-container elementor-column-gap-default\">\n\t\t\t\t\t<div class=\"elementor-column elementor-col-50 elementor-top-column elementor-element elementor-element-0149ff1\" data-id=\"0149ff1\" data-element_type=\"column\">\n\t\t\t<div class=\"elementor-widget-wrap elementor-element-populated\">\n\t\t\t\t\t\t<div class=\"elementor-element elementor-element-e696b31 elementor-widget elementor-widget-coppola_core_section_title\" data-id=\"e696b31\" data-element_type=\"widget\" data-widget_type=\"coppola_core_section_title.default\">\n\t\t\t\t<div class=\"elementor-widget-container\">\n\t\t\t\t\t<div class=\"qodef-shortcode qodef-m  qodef-section-title qodef-alignment--left\">\n\t\t<p class=\"qodef-m-subtitle\" >CONTACTO<\/p>\n\t\t<h2 class=\"qodef-m-title\" >\n\t\t\t\t\tESCR\u00cdBENOS TE RESPONDEREMOS<br \/> R\u00c1PIDO <span class=\"qodef-e-custom-color\" style=\"color: #000000\">POR<\/span> CORREO \t\t\t<\/h2>\n\t\t\t<p class=\"qodef-m-button\" style=\"margin-top: 41px\">\n\t\t<a class=\"qodef-shortcode qodef-m  qodef-button qodef-layout--outlined  qodef-skin--dark qodef-html--link\" href=\"https:\/\/www.ficviaxiv.com\/es\/contacto\/\" target=\"_self\" data-hover-color=\"#FFFFFF\" data-hover-background-color=\"#000000\" data-hover-border-color=\"#000000\" >\t<span class=\"qodef-m-text\">Contacta<\/span><\/a>\t<\/p>\n<\/div>\n\t\t\t\t<\/div>\n\t\t\t\t<\/div>\n\t\t\t\t\t<\/div>\n\t\t<\/div>\n\t\t\t\t<div class=\"elementor-column elementor-col-50 elementor-top-column elementor-element elementor-element-5aee3e6\" data-id=\"5aee3e6\" data-element_type=\"column\">\n\t\t\t<div class=\"elementor-widget-wrap elementor-element-populated\">\n\t\t\t\t\t\t<div class=\"elementor-element elementor-element-5c1a7f0 elementor-widget elementor-widget-text-editor\" data-id=\"5c1a7f0\" data-element_type=\"widget\" data-widget_type=\"text-editor.default\">\n\t\t\t\t<div class=\"elementor-widget-container\">\n\t\t\t\t\t\t\t\t\t<h6>LAURELES<\/h6>\t\t\t\t\t\t\t\t<\/div>\n\t\t\t\t<\/div>\n\t\t\t\t<div class=\"elementor-element elementor-element-b2a5dc9 elementor-widget elementor-widget-qi_addons_for_elementor_clients_list\" data-id=\"b2a5dc9\" data-element_type=\"widget\" data-widget_type=\"qi_addons_for_elementor_clients_list.default\">\n\t\t\t\t<div class=\"elementor-widget-container\">\n\t\t\t\t\t<div class=\"qodef-shortcode qodef-m qodef-qi-clients-list qodef-border--no qodef-qi-grid qodef-layout--qi-columns qodef-col-num--3 qodef-responsive--custom qodef-col-num--1680--3 qodef-col-num--1440--3 qodef-col-num--1366--3 qodef-col-num--1024--3 qodef-col-num--768--3 qodef-col-num--680--1 qodef-col-num--480--1\">\n\t<div class=\"qodef-grid-inner\">\n\t\t<div class=\"qodef-e qodef-grid-item\">\n\t<div class=\"qodef-e-inner\">\n\t\t\t\t<div class=\"qodef-e-images-holder\">\n\t\t\t\t\t\t\t\t<\/div>\n\t\t\t\t\t\t\t\t\t<\/div>\n<\/div>\n<div class=\"qodef-e qodef-grid-item\">\n\t<div class=\"qodef-e-inner\">\n\t\t\t\t<div class=\"qodef-e-images-holder\">\n\t\t\t\t\t\t\t<div class=\"qodef-e-main-image\">\n\t\t\t\t\t<img loading=\"lazy\" decoding=\"async\" width=\"146\" height=\"113\" src=\"https:\/\/i0.wp.com\/www.ficviaxiv.com\/wp-content\/uploads\/2024\/05\/special2024.png?fit=146%2C113&amp;ssl=1\" class=\"attachment-full size-full\" alt=\"\" \/>\t\t\t\t<\/div>\n\t\t\t\t\t\t\t\t<\/div>\n\t\t\t\t\t\t\t\t\t<\/div>\n<\/div>\n<div class=\"qodef-e qodef-grid-item\">\n\t<div class=\"qodef-e-inner\">\n\t\t\t\t<div class=\"qodef-e-images-holder\">\n\t\t\t\t\t\t\t\t<\/div>\n\t\t\t\t\t\t\t\t\t<\/div>\n<\/div>\n\t<\/div>\n<\/div>\n\t\t\t\t<\/div>\n\t\t\t\t<\/div>\n\t\t\t\t<div class=\"elementor-element elementor-element-ecfbb89 elementor-widget elementor-widget-qi_addons_for_elementor_clients_list\" data-id=\"ecfbb89\" data-element_type=\"widget\" data-widget_type=\"qi_addons_for_elementor_clients_list.default\">\n\t\t\t\t<div class=\"elementor-widget-container\">\n\t\t\t\t\t<div class=\"qodef-shortcode qodef-m qodef-qi-clients-list qodef-border--no qodef-qi-grid qodef-layout--qi-columns qodef-col-num--3 qodef-responsive--custom qodef-col-num--1680--3 qodef-col-num--1440--3 qodef-col-num--1366--3 qodef-col-num--1024--3 qodef-col-num--768--3 qodef-col-num--680--1 qodef-col-num--480--1\">\n\t<div class=\"qodef-grid-inner\">\n\t\t<div class=\"qodef-e qodef-grid-item\">\n\t<div class=\"qodef-e-inner\">\n\t\t\t\t<div class=\"qodef-e-images-holder\">\n\t\t\t\t\t\t\t\t<\/div>\n\t\t\t\t\t\t\t\t\t<\/div>\n<\/div>\n<div class=\"qodef-e qodef-grid-item\">\n\t<div class=\"qodef-e-inner\">\n\t\t\t\t<div class=\"qodef-e-images-holder\">\n\t\t\t\t\t\t\t<div class=\"qodef-e-main-image\">\n\t\t\t\t\t<img loading=\"lazy\" decoding=\"async\" width=\"145\" height=\"113\" src=\"https:\/\/i0.wp.com\/www.ficviaxiv.com\/wp-content\/uploads\/2024\/05\/official2024.png?fit=145%2C113&amp;ssl=1\" class=\"attachment-full size-full\" alt=\"\" \/>\t\t\t\t<\/div>\n\t\t\t\t\t\t\t\t<\/div>\n\t\t\t\t\t\t\t\t\t<\/div>\n<\/div>\n<div class=\"qodef-e qodef-grid-item\">\n\t<div class=\"qodef-e-inner\">\n\t\t\t\t<div class=\"qodef-e-images-holder\">\n\t\t\t\t\t\t\t\t<\/div>\n\t\t\t\t\t\t\t\t\t<\/div>\n<\/div>\n\t<\/div>\n<\/div>\n\t\t\t\t<\/div>\n\t\t\t\t<\/div>\n\t\t\t\t\t<\/div>\n\t\t<\/div>\n\t\t\t\t\t<\/div>\n\t\t<\/section>\n\t\t\t\t<\/div>","protected":false},"excerpt":{"rendered":"<p>XURADO NOVO \u00a0 Obxectivo do Premio O &#8220;Premio Xurado Novo&#8221; do FIC V\u00eda XIV de Ver\u00edn busca involucrar \u00e1 mocidade no contexto do festival, permitindo que persoas novas interesadas no \u00e1mbito do cinema ou da cultura co\u00f1ezan de primeira man o funcionamento dun certame destas caracter\u00edsticas, se relacionen con cineastas e accedan a contidos alternativos [&hellip;]<\/p>","protected":false},"author":1,"featured_media":0,"parent":0,"menu_order":0,"comment_status":"closed","ping_status":"closed","template":"page-full-width.php","meta":{"jetpack_post_was_ever_published":true,"footnotes":""},"class_list":["post-9761","page","type-page","status-publish","hentry"],"jetpack_sharing_enabled":true,"_links":{"self":[{"href":"https:\/\/www.ficviaxiv.com\/es\/wp-json\/wp\/v2\/pages\/9761","targetHints":{"allow":["GET"]}}],"collection":[{"href":"https:\/\/www.ficviaxiv.com\/es\/wp-json\/wp\/v2\/pages"}],"about":[{"href":"https:\/\/www.ficviaxiv.com\/es\/wp-json\/wp\/v2\/types\/page"}],"author":[{"embeddable":true,"href":"https:\/\/www.ficviaxiv.com\/es\/wp-json\/wp\/v2\/users\/1"}],"replies":[{"embeddable":true,"href":"https:\/\/www.ficviaxiv.com\/es\/wp-json\/wp\/v2\/comments?post=9761"}],"version-history":[{"count":5,"href":"https:\/\/www.ficviaxiv.com\/es\/wp-json\/wp\/v2\/pages\/9761\/revisions"}],"predecessor-version":[{"id":13569,"href":"https:\/\/www.ficviaxiv.com\/es\/wp-json\/wp\/v2\/pages\/9761\/revisions\/13569"}],"wp:attachment":[{"href":"https:\/\/www.ficviaxiv.com\/es\/wp-json\/wp\/v2\/media?parent=9761"}],"curies":[{"name":"wp","href":"https:\/\/api.w.org\/{rel}","templated":true}]}}