{"id":9794,"date":"2024-05-28T15:41:08","date_gmt":"2024-05-28T13:41:08","guid":{"rendered":"https:\/\/ficviaxiv.com\/?page_id=9794"},"modified":"2024-08-02T00:04:07","modified_gmt":"2024-08-01T22:04:07","slug":"politica-de-privacidade","status":"publish","type":"page","link":"https:\/\/www.ficviaxiv.com\/es\/politica-de-privacidade\/","title":{"rendered":"POL\u00cdTICA DE PRIVACIDAD"},"content":{"rendered":"<div data-elementor-type=\"wp-page\" data-elementor-id=\"9794\" class=\"elementor elementor-9794\">\n\t\t\t\t<div class=\"elementor-element elementor-element-5e25e45e e-flex e-con-boxed e-con e-parent\" data-id=\"5e25e45e\" data-element_type=\"container\">\n\t\t\t\t\t<div class=\"e-con-inner\">\n\t\t\t\t<div class=\"elementor-element elementor-element-2dba0997 elementor-widget elementor-widget-text-editor\" data-id=\"2dba0997\" data-element_type=\"widget\" data-widget_type=\"text-editor.default\">\n\t\t\t\t<div class=\"elementor-widget-container\">\n\t\t\t\t\t\t\t\t\t<h4><strong>TITULAR DE LA WEB<\/strong><span style=\"font-weight: 400;\">&nbsp;<\/span><\/h4>\n<p><span style=\"font-weight: 400;\">Denominaci\u00f3n social es: Asociaci\u00f3n cultural audiovisual V\u00eda XIV (en adelante V\u00eda XIV)<\/span><span style=\"font-weight: 400;\"><br><\/span><span style=\"font-weight: 400;\">CIF: G32483844<\/span><span style=\"font-weight: 400;\"><br><\/span><span style=\"font-weight: 400;\">Domicilio social es: R\u00faa Cami\u00f1o Balneario de Sousas s\/n Ver\u00edn<\/span><span style=\"font-weight: 400;\"><br><\/span><span style=\"font-weight: 400;\">Actividad social es:  Asociaci\u00f3n cultural audiovisual<\/span><span style=\"font-weight: 400;\"><br><\/span><span style=\"font-weight: 400;\">Correo electr\u00f3nico: info@ficviaxiv.com<\/span><span style=\"font-weight: 400;\"><br><\/span><span style=\"font-weight: 400;\">Finalidad de sitio web: informaci\u00f3n de servicios.<\/span><\/p>\n<h4><strong>PROTECCI\u00d3N DE DATOS PERSONALES<\/strong><\/h4>\n<p class=\"translation-block\"><span style=\"font-weight: 400\">Responsable del tratamiento<\/span><span style=\"font-weight: 400\"><br><\/span><span style=\"font-weight: 400\">Datos de contacto del responsable: Asociaci\u00f3n cultural audiovisual V\u00eda XIV y correo electr\u00f3nico de contacto info@ficviaxiv.com<\/span><\/p>\n<h4><strong>TUS DERECHOS DE PROTECCI\u00d3N DE DATOS<\/strong><span style=\"font-weight: 400;\">&nbsp;<\/span><\/h4>\n<p class=\"translation-block\"><span style=\"font-weight: 400\">C<\/span><b>\u00f3mo ejercitar tus derechos:<\/b><span style=\"font-weight: 400\">Puedes dirigir una comunicaci\u00f3n por escrito al domicilio social o a la direcci\u00f3n de correo electr\u00f3nico indicado en el encabezamiento de este aviso legal, incluyendo en ambos casos fotocopia de su DNI u otro documento identificativo similar, para solicitar el ejercicio de los derechos siguientes:<\/span><\/p>\n<ul>\n<li aria-level=\"1\" class=\"translation-block\"><b>Derecho a solicitar el acceso a los datos personales:<\/b><span style=\"font-weight: 400\"> podr\u00e1s preguntar a V\u00eda XIV si esta empresa est\u00e1 tratando tus datos.<\/span><\/li>\n<li aria-level=\"1\" class=\"translation-block\"><b>Derecho a solicitar su rectificaci\u00f3n<\/b><span style=\"font-weight: 400\"> (en caso de que sean incorrectos).<\/span><\/li>\n<li aria-level=\"1\" class=\"translation-block\"><b>Derecho a solicitar la limitaci\u00f3n de su tratamiento<\/b><span style=\"font-weight: 400\">, en cuyo caso \u00fanicamente ser\u00e1n conservados por V\u00eda XIV para el ejercicio o la defensa de reclamaciones.<\/span><\/li>\n<li aria-level=\"1\" class=\"translation-block\"><b>Derecho a oponerte al tratamiento:<\/b><span style=\"font-weight: 400\"> V\u00eda XIV dejar\u00e1 de tratar los datos en la forma que indiques, salvo que por motivos leg\u00edtimos imperiosos o el ejercicio o la defensa de posibles reclamaciones se tengan que seguir tratando.<\/span><\/li>\n<li aria-level=\"1\" class=\"translation-block\"><b>Derecho a la portabilidad de los datos:<\/b><span style=\"font-weight: 400\"> en caso de que quieras que tus datos sean tratados por otra firma, V\u00eda XIV te facilitar\u00e1 la portabilidad de tus datos al nuevo responsable.<\/span><\/li>\n<li aria-level=\"1\" class=\"translation-block\"><b>Derecho al borrado de los datos:<\/b><span style=\"font-weight: 400\">y salvo imperativo legal se borrar\u00e1n tras tu confirmaci\u00f3n.<\/span><\/li>\n<\/ul>\n<p class=\"translation-block\"><b>Modelos, formularios y m\u00e1s informaci\u00f3n sobre tus derechos:<\/b><span style=\"font-weight: 400\"> P\u00e1gina oficial de la Agencia Espa\u00f1ola de Protecci\u00f3n de Datos<\/span><\/p>\n<p class=\"translation-block\"><b>Posibilidad de retirar el consentimiento:<\/b><span style=\"font-weight: 400\"> en el caso de que hayas otorgado el consentimiento para alguna finalidad espec\u00edfica, tienes derecho a retirarlo en cualquier momento, sin que ello afecte a la licitud del tratamiento basado en el consentimiento previo a su retirada.<\/span><\/p>\n<p class=\"translation-block\"><b>C\u00f3mo reclamar ante la Autoridad de Control:<\/b><span style=\"font-weight: 400\"> Si consideras que hay un problema con la forma en que V\u00eda XIV est\u00e1 manejando tus datos, puedes dirigir tus reclamaciones al Responsable de Seguridad de V\u00eda XIV (indicado arriba) o a la autoridad de protecci\u00f3n de datos que corresponda, siendo la Agencia Espa\u00f1ola de Protecci\u00f3n de Datos, la indicada en el caso de Espa\u00f1a.<\/span><\/p>\n<p class=\"translation-block\"><strong>Derecho al olvido y acceso a tus datos personales:\n<\/strong><span style=\"font-weight: 400\"> En todo momento tendr\u00e1s derecho a revisar, recuperar, anonimizar y\/o borrar, total o parcialmente, los datos almacenados en el Sitio Web. Solo tienes que enviar un correo electr\u00f3nico a info@ficviaxiv.com y solicitarlo.\n\n<\/span><\/p>\n<h6><strong>Conservaci\u00f3n de los datos<\/strong><\/h6>\n<ul>\n<li aria-level=\"1\" class=\"translation-block\"><b>Datos desagregados:<\/b><span style=\"font-weight: 400\"> Los datos desagregados ser\u00e1n conservados sin plazo de supresi\u00f3n.<\/span><\/li>\n<li aria-level=\"1\" class=\"translation-block\"><b>Datos de los suscriptores al feed por e-mail:<\/b><span style=\"font-weight: 400\"> Desde que el usuario se suscribe hasta que se da de baja.<\/span><\/li>\n<li aria-level=\"1\" class=\"translation-block\"><b>Datos de los suscriptores a la newsletter:<\/b><span style=\"font-weight: 400\"> Desde que el usuario se suscribe hasta que se da de baja.<\/span><\/li>\n<li aria-level=\"1\" class=\"translation-block\"><b>Datos de usuarios subidos por V\u00eda XIV a p\u00e1ginas y perfiles en redes sociales:<\/b><span style=\"font-weight: 400\"> Desde que el usuario ofrece su consentimiento hasta que lo retira.<\/span><\/li>\n<\/ul>\n<h6><strong>Secreto y seguridad de los datos<\/strong><span style=\"font-weight: 400;\">&nbsp;<\/span><\/h6>\n<p><span style=\"font-weight: 400;\">V\u00eda XIV se compromete en la utilizaci\u00f3n de los datos, a respetar su confidencialidad y a utilizarlos de acuerdo con la finalidad de los mismos, as\u00ed como a dar cumplimiento a su obligaci\u00f3n de guardarlos y adaptar todas las medidas para evitar la alteraci\u00f3n, p\u00e9rdida, tratamiento o acceso no autorizado, de conformidad con lo establecido en el Real Decreto 1720\/2007 de 21 de diciembre por el que se aprueba el Reglamento de desarrollo de la Ley Org\u00e1nica 15\/1999 de 13 de diciembre, de Protecci\u00f3n de Datos de Car\u00e1cter Personal.<\/span><\/p>\n<p><span style=\"font-weight: 400;\">T\u00fa garantizas que los datos personales facilitados a trav\u00e9s de los formulario son veraces, quedando obligado a comunicar cualquier modificaci\u00f3n de los mismos. Igualmente, garantizas que toda la informaci\u00f3n facilitada corresponde con tu situaci\u00f3n real, que est\u00e1 puesta al d\u00eda y es exacta.<\/span><\/p>\n<p><span style=\"font-weight: 400;\">Adem\u00e1s debes mantener en todo momento tus datos actualizados, siendo el \u00fanico responsable de la inexactitud o falsedad de los datos facilitados y de los perjuicios que pueda causar por ello a V\u00eda XIV , o a terceros con motivo de la utilizaci\u00f3n de dicho.<\/span><\/p>\n<h6><strong>Brechas de seguridad<\/strong><span style=\"font-weight: 400;\">&nbsp;<\/span><\/h6>\n<p><span style=\"font-weight: 400;\">V\u00eda XIV adopta medidas de seguridad razonablemente adecuadas para detectar la existencia de virus, ataques de fuerza bruta e inyecciones de c\u00f3digo.<\/span><\/p>\n<p><span style=\"font-weight: 400;\">No obstante, debes ser consciente de que las medidas de seguridad de los sistemas inform\u00e1ticos en Internet no son enteramente fiables y que, por tanto V\u00eda XIV no puede garantizar la inexistencia de virus u otros elementos que puedan producir alteraciones en los sistemas inform\u00e1ticos (software y hardware) del Usuario o en sus documentos electr\u00f3nicos y ficheros contenidos en los mismos.<\/span><\/p>\n<p><span style=\"font-weight: 400;\">A pesar de ello, para tratar de garantizar la seguridad y privacidad de tus datos personales, V\u00eda XIV dispone de un sistema de vigilancia de seguridad activo que informa de cada actividad de los usuarios y posibles brechas en la seguridad de los datos de los usuarios.<\/span><\/p>\n<p><span style=\"font-weight: 400;\">En caso de detectarse alguna brecha, V\u00eda XIV se compromete a informar a los usuarios en el plazo m\u00e1ximo de 72 horas.<\/span><\/p>\n<h4><strong>QU\u00c9 INFORMACI\u00d3N RECABAMOS DE LOS USUARIOS Y PARA QU\u00c9 LOS UTILIZAMOS<\/strong><span style=\"font-weight: 400;\">&nbsp;<\/span><\/h4>\n<p><span style=\"font-weight: 400;\">Todos los productos y servicios ofertados en el sitio web V\u00eda XIV remiten a formularios de contacto, formularios de comentarios y formularios para efectuar registros de usuario, suscripci\u00f3n a newsletter y\/o pedidos de compra.<\/span><\/p>\n<p><span style=\"font-weight: 400;\">Este sitio web siempre requiere el consentimiento previo de los usuarios para tratar sus datos personales con los fines indicados.<\/span><\/p>\n<p><span style=\"font-weight: 400;\">Tienes derecho a revocar tu consentimiento previo en cualquier momento.<\/span><\/p>\n<h6><strong>Registro de actividades de tratamiento de los datos<\/strong><\/h6>\n<ul>\n<li aria-level=\"1\" class=\"translation-block\"><b>Web y hosting:<\/b><span style=\"font-weight: 400\"> Alojados en los servidores contratado a SiteGround<\/span><\/li>\n<li aria-level=\"1\" class=\"translation-block\"><b>Datos recabados a trav\u00e9s de la web:<\/b><span style=\"font-weight: 400\"> OLos datos personales recogidos ser\u00e1n objeto de tratamiento automatizado e incorporados a los correspondientes ficheros de los que V\u00eda XIV es titular.<\/span><\/li>\n<li style=\"font-weight: 400;\" aria-level=\"1\"><span style=\"font-weight: 400;\">Nos llegar\u00e1 tu IP, que ser\u00e1 usada para comprobar el origen del mensaje con objeto de ofrecerte informaci\u00f3n, protecci\u00f3n contra comentarios SPAM y para detectar posibles irregularidades (por ejemplo: partes opuestas del mismo caso escriben en el sitio web desde la misma IP), as\u00ed como datos relativos a su ISP.<\/span><\/li>\n<li style=\"font-weight: 400;\" aria-level=\"1\"><span style=\"font-weight: 400;\">Asimismo, podr\u00e1s facilitarnos tus datos a trav\u00e9s correo electr\u00f3nico y otros medios de comunicaci\u00f3n indicados en la secci\u00f3n de contacto.<\/span><\/li>\n<li aria-level=\"1\" class=\"translation-block\"><b>Formulario de comentarios:<\/b><span style=\"font-weight: 400\"> En la web existe la posibilidad de que los usuarios dejen comentarios a las publicaciones del sitio. Existe una cookie que almacena los datos facilitados por el usuario para que no tenga que volver a introducirlos en cada nueva visita y adem\u00e1s se recogen internamente la direcci\u00f3n de email, nombre, web y la direcci\u00f3n IP. Los datos est\u00e1n almacenados en los servidores de SiteGround<\/span><\/li>\n<li aria-level=\"1\" class=\"translation-block\"><b>Registro de usuarios:<\/b><span style=\"font-weight: 400\"> No se admiten salvo petici\u00f3n expresa.<\/span><\/li>\n<li aria-level=\"1\" class=\"translation-block\"><b>Correo electr\u00f3nico:<\/b><span style=\"font-weight: 400\"> Nuestro prestador de servicios de correo electr\u00f3nico es Zoho Mail.<\/span><\/li>\n<\/ul>\n<h6><strong>Contenido incrustado desde otras webs<\/strong><span style=\"font-weight: 400;\">&nbsp;<\/span><\/h6>\n<p><span style=\"font-weight: 400;\">Los art\u00edculos de V\u00eda XIV pueden incluir contenido incrustado (p.ej. v\u00eddeos, im\u00e1genes, art\u00edculos, etc.). El contenido incrustado desde otras webs se comporta del mismo modo que si el visitante ha visitado la otra web.<\/span><\/p>\n<p><span style=\"font-weight: 400;\">Estas webs pueden recopilar datos sobre ti, usar cookies, incrustar seguimiento de terceros, y vigilar tu interacci\u00f3n con el contenido incrustado, incluido el seguimiento de tu interacci\u00f3n con el contenido incrustado si tienes una cuenta o est\u00e1s conectado a esa web.<\/span><\/p>\n<h6><strong>Otros servicios:<\/strong><span style=\"font-weight: 400;\">&nbsp;<\/span><\/h6>\n<p><span style=\"font-weight: 400;\">Ciertos servicios prestados a trav\u00e9s del sitio web V\u00eda XIV pueden contener condiciones particulares con previsiones espec\u00edficas en materia de protecci\u00f3n de datos personales. Se hace indispensable su lectura y aceptaci\u00f3n con car\u00e1cter previo a la solicitud del servicio de que se trate.<\/span><\/p>\n<h6><strong>Finalidad y legitimaci\u00f3n:<\/strong><span style=\"font-weight: 400;\">&nbsp;<\/span><\/h6>\n<p><span style=\"font-weight: 400;\">La finalidad del tratamiento de estos datos ser\u00e1 \u00fanicamente la de prestarte la informaci\u00f3n o servicios que nos solicites.<\/span><\/p>\n<h6><strong>Redes sociales<\/strong><\/h6>\n<ul>\n<li aria-level=\"1\" class=\"translation-block\"><b>Presencia en redes:<\/b><span style=\"font-weight: 400\"> V\u00eda XIV cuenta con perfiles en algunas de las principales redes sociales de Internet.<\/span><\/li>\n<li aria-level=\"1\" class=\"translation-block\"><b>Finalidad y legitimaci\u00f3n:<\/b><span style=\"font-weight: 400\"> El tratamiento que V\u00eda XIV llevar\u00e1 a cabo con los datos dentro de cada una de las referidas redes ser\u00e1, como m\u00e1ximo, el que la red social permita a los perfiles corporativos. As\u00ed pues, V\u00eda XIV podr\u00e1 informar, cuando la ley no lo proh\u00edba, a sus seguidores por cualquier v\u00eda que la red social permita sobre sus actividades, ponencias, ofertas, as\u00ed como prestar servicio personalizado de atenci\u00f3n al cliente.<\/span><\/li>\n<li aria-level=\"1\" class=\"translation-block\"><b>Extracci\u00f3n de datos:<\/b><span style=\"font-weight: 400\"> En ning\u00fan caso V\u00eda XIV extraer\u00e1 datos de las redes sociales, a menos que se obtuviera puntual y expresamente el consentimiento del usuario para ello.<\/span><\/li>\n<li aria-level=\"1\" class=\"translation-block\"><b>Derechos:<\/b><span style=\"font-weight: 400\"> Cuando, debido a la propia naturaleza de las redes sociales, el ejercicio efectivo de los derechos de protecci\u00f3n de datos del seguidor quede supeditado a la modificaci\u00f3n del perfil personal de este, V\u00eda XIV te ayudar\u00e1 y aconsejar\u00e1 a tal fin en la medida de sus posibilidades.<\/span><\/li>\n<\/ul>\n<h6><strong>Encargados del tratamiento fuera de la UE<\/strong><\/h6>\n<ul>\n<li aria-level=\"1\" class=\"translation-block\"><b>Almacenamiento y cifrado:<\/b><span style=\"font-weight: 400\">\u00a0<\/span>V\u00eda XIV utiliza servicios de almacenamiento cifrado de Google Inc a trav\u00e9s de Google Drive.<\/li>\n<li aria-level=\"1\" class=\"translation-block\"><span style=\"font-weight: bolder\">Correo electr\u00f3nico: <\/span><span>El servicio de correo electr\u00f3nico de V\u00eda XIV es Zoho Mail.<\/span><br><\/li>\n<li aria-level=\"1\" class=\"translation-block\"><span style=\"background-color: #ffffff;font-weight: bolder\">Redes Sociales:<\/span><span style=\"background-color: #ffffff\">\u00a0V\u00eda XIV hace uso de las redes sociales estadounidenses YouTube, Facebook y Twitter, a quien se realiza una transferencia internacional de datos, de tipo anal\u00edticos y t\u00e9cnicos en relaci\u00f3n con el sitio web siendo en sus servidores en los que V\u00eda XIV trata los datos que, a trav\u00e9s de ellas, los usuarios, suscriptores o navegantes entregan a la firma V\u00eda XIV o comparten con esta.<\/li>\n<\/ul>\n<h6><b>Compromisos y obligaciones con nuestros usuarios<\/b><\/h6>\n<p>El acceso y\/o uso de V\u00eda XIV atribuye a quien lo realiza la condici\u00f3n de usuario, aceptando, desde este mismo momento, plenamente y sin reserva alguna, el presente aviso legal en relaci\u00f3n con determinados servicios y contenidos de V\u00eda XIV.<\/p>\n<p>En la utilizaci\u00f3n de V\u00eda XIV el usuario se compromete a no llevar a cabo ninguna conducta que pudiera da\u00f1ar la imagen, los intereses y los derechos de V\u00eda XIV o de terceros o que pudiera da\u00f1ar, inutilizar o sobrecargar el portal V\u00eda XIV o que impidiera, de cualquier forma, la normal utilizaci\u00f3n de V\u00eda XIV.<\/p>\t\t\t\t\t\t\t\t<\/div>\n\t\t\t\t<\/div>\n\t\t\t\t\t<\/div>\n\t\t\t\t<\/div>\n\t\t\t\t<\/div>","protected":false},"excerpt":{"rendered":"<p>TITULAR&nbsp; DA WEB&nbsp; Denominaci\u00f3n social \u00e9: Asociaci\u00f3n cultural audiovisual V\u00eda XIV (en adiante V\u00eda XIV)CIF: G32483844Domicilio social \u00e9: R\u00faa Cami\u00f1o Balneario de Sousas s\/n Ver\u00ednActividade social \u00e9: Asociaci\u00f3n cultural audiovisualCorreo electr\u00f3nico: info@ficviaxiv.comFinalidade do sitio web: informaci\u00f3n de servizos. PROTECCI\u00d3N DE DATOS PERSOAIS Responsable do tratamentoDatos de contacto do responsable: Asociaci\u00f3n cultural audiovisual V\u00eda XIV e [&hellip;]<\/p>","protected":false},"author":1,"featured_media":0,"parent":0,"menu_order":0,"comment_status":"closed","ping_status":"closed","template":"","meta":{"jetpack_post_was_ever_published":false,"footnotes":""},"class_list":["post-9794","page","type-page","status-publish","hentry"],"jetpack_sharing_enabled":true,"_links":{"self":[{"href":"https:\/\/www.ficviaxiv.com\/es\/wp-json\/wp\/v2\/pages\/9794","targetHints":{"allow":["GET"]}}],"collection":[{"href":"https:\/\/www.ficviaxiv.com\/es\/wp-json\/wp\/v2\/pages"}],"about":[{"href":"https:\/\/www.ficviaxiv.com\/es\/wp-json\/wp\/v2\/types\/page"}],"author":[{"embeddable":true,"href":"https:\/\/www.ficviaxiv.com\/es\/wp-json\/wp\/v2\/users\/1"}],"replies":[{"embeddable":true,"href":"https:\/\/www.ficviaxiv.com\/es\/wp-json\/wp\/v2\/comments?post=9794"}],"version-history":[{"count":5,"href":"https:\/\/www.ficviaxiv.com\/es\/wp-json\/wp\/v2\/pages\/9794\/revisions"}],"predecessor-version":[{"id":12438,"href":"https:\/\/www.ficviaxiv.com\/es\/wp-json\/wp\/v2\/pages\/9794\/revisions\/12438"}],"wp:attachment":[{"href":"https:\/\/www.ficviaxiv.com\/es\/wp-json\/wp\/v2\/media?parent=9794"}],"curies":[{"name":"wp","href":"https:\/\/api.w.org\/{rel}","templated":true}]}}