{"id":9867,"date":"2024-05-28T17:45:00","date_gmt":"2024-05-28T15:45:00","guid":{"rendered":"https:\/\/ficviaxiv.com\/?page_id=9867"},"modified":"2025-02-17T23:52:30","modified_gmt":"2025-02-17T22:52:30","slug":"categorias","status":"publish","type":"page","link":"https:\/\/www.ficviaxiv.com\/es\/categorias\/","title":{"rendered":"CATEGOR\u00cdAS"},"content":{"rendered":"<div data-elementor-type=\"wp-page\" data-elementor-id=\"9867\" class=\"elementor elementor-9867\">\n\t\t\t\t\t\t<section class=\"elementor-section elementor-top-section elementor-element elementor-element-f65320c elementor-section-full_width elementor-section-height-default elementor-section-height-default qodef-elementor-content-no\" data-id=\"f65320c\" data-element_type=\"section\">\n\t\t\t\t\t\t<div class=\"elementor-container elementor-column-gap-default\">\n\t\t\t\t\t<div class=\"elementor-column elementor-col-100 elementor-top-column elementor-element elementor-element-a206993\" data-id=\"a206993\" data-element_type=\"column\" data-settings=\"{&quot;background_background&quot;:&quot;classic&quot;}\">\n\t\t\t<div class=\"elementor-widget-wrap elementor-element-populated\">\n\t\t\t\t\t\t<div class=\"elementor-element elementor-element-519e31c elementor-widget elementor-widget-spacer\" data-id=\"519e31c\" data-element_type=\"widget\" data-widget_type=\"spacer.default\">\n\t\t\t\t<div class=\"elementor-widget-container\">\n\t\t\t\t\t\t\t<div class=\"elementor-spacer\">\n\t\t\t<div class=\"elementor-spacer-inner\"><\/div>\n\t\t<\/div>\n\t\t\t\t\t\t<\/div>\n\t\t\t\t<\/div>\n\t\t\t\t\t<\/div>\n\t\t<\/div>\n\t\t\t\t\t<\/div>\n\t\t<\/section>\n\t\t\t\t<section class=\"elementor-section elementor-top-section elementor-element elementor-element-fb7c784 elementor-section-full_width qodef-elementor-content-grid elementor-section-height-default elementor-section-height-default\" data-id=\"fb7c784\" data-element_type=\"section\">\n\t\t\t\t\t\t<div class=\"elementor-container elementor-column-gap-default\">\n\t\t\t\t\t<div class=\"elementor-column elementor-col-50 elementor-top-column elementor-element elementor-element-953f36b\" data-id=\"953f36b\" data-element_type=\"column\">\n\t\t\t<div class=\"elementor-widget-wrap elementor-element-populated\">\n\t\t\t\t\t\t<div class=\"elementor-element elementor-element-b71e81c elementor-widget elementor-widget-coppola_core_section_title\" data-id=\"b71e81c\" data-element_type=\"widget\" data-widget_type=\"coppola_core_section_title.default\">\n\t\t\t\t<div class=\"elementor-widget-container\">\n\t\t\t\t\t<div class=\"qodef-shortcode qodef-m  qodef-section-title qodef-alignment--left\">\n\t\t\t<h1 class=\"qodef-m-title\" >\n\t\t\t\t\tCATEGOR\u00cdAS\t\t\t<\/h1>\n\t\t<\/div>\n\t\t\t\t<\/div>\n\t\t\t\t<\/div>\n\t\t\t\t\t<\/div>\n\t\t<\/div>\n\t\t\t\t<div class=\"elementor-column elementor-col-50 elementor-top-column elementor-element elementor-element-66d0831\" data-id=\"66d0831\" data-element_type=\"column\">\n\t\t\t<div class=\"elementor-widget-wrap elementor-element-populated\">\n\t\t\t\t\t\t\t<\/div>\n\t\t<\/div>\n\t\t\t\t\t<\/div>\n\t\t<\/section>\n\t\t<div class=\"elementor-element elementor-element-13f2c55 e-flex e-con-boxed e-con e-parent\" data-id=\"13f2c55\" data-element_type=\"container\">\n\t\t\t\t\t<div class=\"e-con-inner\">\n\t\t\t\t<div class=\"elementor-element elementor-element-98b8f59 elementor-widget elementor-widget-text-editor\" data-id=\"98b8f59\" data-element_type=\"widget\" data-widget_type=\"text-editor.default\">\n\t\t\t\t<div class=\"elementor-widget-container\">\n\t\t\t\t\t\t\t\t\t<div class=\"fl-col-group fl-node-59fc3e5ef4008 fl-col-group-equal-height fl-col-group-align-center\" data-node=\"59fc3e5ef4008\"><div class=\"fl-col fl-node-59fc3e5ef423a fl-col-small\" data-node=\"59fc3e5ef423a\"><div class=\"fl-col-content fl-node-content\"><div class=\"fl-module fl-module-rich-text fl-node-57cee44b78042\" data-node=\"57cee44b78042\"><div class=\"fl-module-content fl-node-content\"><div class=\"fl-rich-text\"><p><strong style=\"color: var( --e-global-color-text );\">\u00a0<\/strong><\/p><p><b>A RAIA<\/b><\/p><p><span style=\"font-weight: 400;\">Algunas de las mejores pel\u00edculas del mundo nacen en los m\u00e1rgenes, all\u00ed donde las identidades se entrelazan y los l\u00edmites se difuminan.\u00a0<\/span><\/p><p><span style=\"font-weight: 400;\">En el Valle del T\u00e1mega, la Raia no es solo la frontera divisoria entre Galicia y Portugal, sino un espacio de encuentro, memoria e intercambio constante. La gente de la zona vive a un lado y otro de la Raia en comunidad.\u00a0<\/span><\/p><p><span style=\"font-weight: 400;\">Esta categor\u00eda acoge obras de cineastas de ambas orillas, reflejando la riqueza cultural de un territorio que siempre ha vivido entre dos mundos. La emigraci\u00f3n, el contrabando, las relaciones de vecindad y los ecos de una historia compartida atraviesan estas pel\u00edculas, que reivindican la fuerza de las periferias y la importancia del cine como herramienta para reinterpretar las fronteras.\u00a0<\/span><\/p><p class=\"translation-block\"><span style=\"font-weight: 400\">En <\/span><i><span style=\"font-weight: 400\">A Raia<\/span><\/i><span style=\"font-weight: 400\"> encontramos relatos de ida y vuelta, que son reflejo tanto de las heridas del pasado como de las posibilidades de un futuro compartido.<\/span><\/p><p>\u00a0<\/p><p><b>NOVA<\/b><\/p><p><i><span style=\"font-weight: 400;\">NOVA<\/span><\/i><span style=\"font-weight: 400;\"> es un espacio abierto a la innovaci\u00f3n y la experimentaci\u00f3n, un territorio de libertad para cineastas que buscan nuevas formas de contar historias.<\/span><\/p><p><span style=\"font-weight: 400;\">Aqu\u00ed no hay l\u00edmites tem\u00e1ticos ni f\u00f3rmulas predefinidas: cada edici\u00f3n del FIC V\u00eda XIV acoge obras que exploran los c\u00f3digos del cine contempor\u00e1neo, que expanden sus fronteras y que desaf\u00edan las convenciones del sector.<\/span><\/p><p><span style=\"font-weight: 400;\">En esta categor\u00eda tienen cabida el cine de autor\/a, la hibridaci\u00f3n entre documental y ficci\u00f3n, y la exploraci\u00f3n est\u00e9tica y narrativa, donde las voces m\u00e1s arriesgadas encuentran un lugar para expresarse.\u00a0<\/span><\/p><p><span style=\"font-weight: 400;\">En un mundo audiovisual dominado por f\u00f3rmulas comerciales y estructuras r\u00edgidas, <\/span><i><span style=\"font-weight: 400;\">NOVA<\/span><\/i><span style=\"font-weight: 400;\"> apuesta por la diversidad, la mirada \u00fanica y la autenticidad como elementos esenciales para comprender el cine como un arte vivo y en constante evoluci\u00f3n.<\/span><\/p><p><br \/><span style=\"font-weight: 400;\">\u00a1Las inscripciones para el Open Call del FIC V\u00eda XIV est\u00e1n abiertas! Si tienes un cortometraje que encaja en <\/span><b>A RAIA<\/b><span style=\"font-weight: 400;\"> o <\/span><b>NOVA<\/b><span style=\"font-weight: 400;\">, an\u00edmate a envi\u00e1rnoslo y forma parte de la selecci\u00f3n oficial de esta edici\u00f3n.<\/span><\/p><\/div><\/div><\/div><\/div><\/div><\/div>\t\t\t\t\t\t\t\t<\/div>\n\t\t\t\t<\/div>\n\t\t\t\t\t<\/div>\n\t\t\t\t<\/div>\n\t\t<div class=\"elementor-element elementor-element-eabf107 e-flex e-con-boxed e-con e-parent\" data-id=\"eabf107\" data-element_type=\"container\">\n\t\t\t\t\t<div class=\"e-con-inner\">\n\t\t\t\t<div class=\"elementor-element elementor-element-8cbcacd elementor-widget elementor-widget-spacer\" data-id=\"8cbcacd\" data-element_type=\"widget\" data-widget_type=\"spacer.default\">\n\t\t\t\t<div class=\"elementor-widget-container\">\n\t\t\t\t\t\t\t<div class=\"elementor-spacer\">\n\t\t\t<div class=\"elementor-spacer-inner\"><\/div>\n\t\t<\/div>\n\t\t\t\t\t\t<\/div>\n\t\t\t\t<\/div>\n\t\t\t\t\t<\/div>\n\t\t\t\t<\/div>\n\t\t<div class=\"elementor-element elementor-element-265904f e-flex e-con-boxed e-con e-parent\" data-id=\"265904f\" data-element_type=\"container\">\n\t\t\t\t\t<div class=\"e-con-inner\">\n\t\t\t\t<div class=\"elementor-element elementor-element-a780f3b elementor-widget elementor-widget-text-editor\" data-id=\"a780f3b\" data-element_type=\"widget\" data-widget_type=\"text-editor.default\">\n\t\t\t\t<div class=\"elementor-widget-container\">\n\t\t\t\t\t\t\t\t\t<p><b>\u00a1Consulta las bases e inscr\u00edbete ya! <a href=\"https:\/\/filmmakers.festhome.com\/festival\/fic-via-xiv\" target=\"_blank\" rel=\"noopener\"><img decoding=\"async\" data-recalc-dims=\"1\" class=\"alignnone wp-image-13274 size-medium\" src=\"https:\/\/i0.wp.com\/ficviaxiv.com\/wp-content\/uploads\/2025\/01\/logo_orange_964x242-300x75.png?resize=300%2C75&#038;ssl=1\" alt=\"\" width=\"300\" height=\"75\" srcset=\"https:\/\/i0.wp.com\/www.ficviaxiv.com\/wp-content\/uploads\/2025\/01\/logo_orange_964x242.png?resize=300%2C75&amp;ssl=1 300w, https:\/\/i0.wp.com\/www.ficviaxiv.com\/wp-content\/uploads\/2025\/01\/logo_orange_964x242.png?resize=768%2C193&amp;ssl=1 768w, https:\/\/i0.wp.com\/www.ficviaxiv.com\/wp-content\/uploads\/2025\/01\/logo_orange_964x242.png?resize=18%2C5&amp;ssl=1 18w, https:\/\/i0.wp.com\/www.ficviaxiv.com\/wp-content\/uploads\/2025\/01\/logo_orange_964x242.png?w=964&amp;ssl=1 964w\" sizes=\"(max-width: 300px) 100vw, 300px\" \/><\/a><a href=\"https:\/\/shortfilmdepot.com\/es\/festival\/FIC%20V%C3%ADa%20XIV\" target=\"_blank\" rel=\"noopener\"><img decoding=\"async\" data-recalc-dims=\"1\" class=\"alignnone wp-image-13332 size-medium\" src=\"https:\/\/i0.wp.com\/ficviaxiv.com\/wp-content\/uploads\/2025\/02\/shortfilmdepot-300x75.webp?resize=300%2C75&#038;ssl=1\" alt=\"\" width=\"300\" height=\"75\" srcset=\"https:\/\/i0.wp.com\/www.ficviaxiv.com\/wp-content\/uploads\/2025\/02\/shortfilmdepot.webp?resize=300%2C75&amp;ssl=1 300w, https:\/\/i0.wp.com\/www.ficviaxiv.com\/wp-content\/uploads\/2025\/02\/shortfilmdepot.webp?resize=768%2C193&amp;ssl=1 768w, https:\/\/i0.wp.com\/www.ficviaxiv.com\/wp-content\/uploads\/2025\/02\/shortfilmdepot.webp?resize=18%2C5&amp;ssl=1 18w, https:\/\/i0.wp.com\/www.ficviaxiv.com\/wp-content\/uploads\/2025\/02\/shortfilmdepot.webp?w=964&amp;ssl=1 964w\" sizes=\"(max-width: 300px) 100vw, 300px\" \/><\/a><\/b><\/p>\t\t\t\t\t\t\t\t<\/div>\n\t\t\t\t<\/div>\n\t\t\t\t\t<\/div>\n\t\t\t\t<\/div>\n\t\t<div class=\"elementor-element elementor-element-960c418 e-flex e-con-boxed e-con e-parent\" data-id=\"960c418\" data-element_type=\"container\">\n\t\t\t\t\t<div class=\"e-con-inner\">\n\t\t\t\t<div class=\"elementor-element elementor-element-40e07c4 elementor-widget elementor-widget-spacer\" data-id=\"40e07c4\" data-element_type=\"widget\" data-widget_type=\"spacer.default\">\n\t\t\t\t<div class=\"elementor-widget-container\">\n\t\t\t\t\t\t\t<div class=\"elementor-spacer\">\n\t\t\t<div class=\"elementor-spacer-inner\"><\/div>\n\t\t<\/div>\n\t\t\t\t\t\t<\/div>\n\t\t\t\t<\/div>\n\t\t\t\t\t<\/div>\n\t\t\t\t<\/div>\n\t\t<div class=\"elementor-element elementor-element-341bb52 e-flex e-con-boxed e-con e-parent\" data-id=\"341bb52\" data-element_type=\"container\">\n\t\t\t\t\t<div class=\"e-con-inner\">\n\t\t\t\t<div class=\"elementor-element elementor-element-910afff elementor-widget elementor-widget-spacer\" data-id=\"910afff\" data-element_type=\"widget\" data-widget_type=\"spacer.default\">\n\t\t\t\t<div class=\"elementor-widget-container\">\n\t\t\t\t\t\t\t<div class=\"elementor-spacer\">\n\t\t\t<div class=\"elementor-spacer-inner\"><\/div>\n\t\t<\/div>\n\t\t\t\t\t\t<\/div>\n\t\t\t\t<\/div>\n\t\t\t\t\t<\/div>\n\t\t\t\t<\/div>\n\t\t\t\t<section class=\"elementor-section elementor-top-section elementor-element elementor-element-8e981bd elementor-section-full_width elementor-section-height-default elementor-section-height-default qodef-elementor-content-no\" data-id=\"8e981bd\" data-element_type=\"section\">\n\t\t\t\t\t\t\t<div class=\"elementor-background-overlay\"><\/div>\n\t\t\t\t\t\t\t<div class=\"elementor-container elementor-column-gap-default\">\n\t\t\t\t\t<div class=\"elementor-column elementor-col-100 elementor-top-column elementor-element elementor-element-99e230c\" data-id=\"99e230c\" data-element_type=\"column\">\n\t\t\t<div class=\"elementor-widget-wrap elementor-element-populated\">\n\t\t\t\t\t\t<div class=\"elementor-element elementor-element-e12a8ca elementor-widget elementor-widget-qi_addons_for_elementor_clients_list\" data-id=\"e12a8ca\" data-element_type=\"widget\" data-widget_type=\"qi_addons_for_elementor_clients_list.default\">\n\t\t\t\t<div class=\"elementor-widget-container\">\n\t\t\t\t\t<div class=\"qodef-shortcode qodef-m qodef-qi-clients-list qodef-border--no qodef-qi-grid qodef-layout--qi-columns qodef-col-num--8 qodef-responsive--custom qodef-col-num--1680--3 qodef-col-num--1440--3 qodef-col-num--1366--3 qodef-col-num--1024--3 qodef-col-num--768--3 qodef-col-num--680--3 qodef-col-num--480--1\">\n\t<div class=\"qodef-grid-inner\">\n\t\t<div class=\"qodef-e qodef-grid-item\">\n\t<div class=\"qodef-e-inner\">\n\t\t\t\t\t<a href=\"#\" target=\"_self\">\n\t\t\t\t<div class=\"qodef-e-images-holder\">\n\t\t\t\t\t\t\t\t<\/div>\n\t\t\t\t\t<\/a>\n\t\t\t\t\t\t\t<p class=\"qodef-e-text\">\n\t\tORGANIZA:\t<\/p>\n\t\t\t<\/div>\n<\/div>\n<div class=\"qodef-e qodef-grid-item\">\n\t<div class=\"qodef-e-inner\">\n\t\t\t\t\t<a href=\"#\" target=\"_self\">\n\t\t\t\t<div class=\"qodef-e-images-holder\">\n\t\t\t\t\t\t\t<div class=\"qodef-e-main-image\">\n\t\t\t\t\t<img decoding=\"async\" width=\"155\" height=\"76\" src=\"https:\/\/i0.wp.com\/www.ficviaxiv.com\/wp-content\/uploads\/2024\/05\/asiciacion-cultural-2.webp?fit=155%2C76&amp;ssl=1\" class=\"attachment-full size-full\" alt=\"\" \/>\t\t\t\t<\/div>\n\t\t\t\t\t\t\t\t<\/div>\n\t\t\t\t\t<\/a>\n\t\t\t\t\t\t\t\t\t<\/div>\n<\/div>\n<div class=\"qodef-e qodef-grid-item\">\n\t<div class=\"qodef-e-inner\">\n\t\t\t\t\t<a href=\"#\" target=\"_self\">\n\t\t\t\t<div class=\"qodef-e-images-holder\">\n\t\t\t\t\t\t\t<div class=\"qodef-e-main-image\">\n\t\t\t\t\t<img loading=\"lazy\" decoding=\"async\" width=\"155\" height=\"76\" src=\"https:\/\/i0.wp.com\/www.ficviaxiv.com\/wp-content\/uploads\/2024\/05\/concello.webp?fit=155%2C76&amp;ssl=1\" class=\"attachment-full size-full\" alt=\"\" \/>\t\t\t\t<\/div>\n\t\t\t\t\t\t\t\t<\/div>\n\t\t\t\t\t<\/a>\n\t\t\t\t\t\t\t\t\t<\/div>\n<\/div>\n<div class=\"qodef-e qodef-grid-item\">\n\t<div class=\"qodef-e-inner\">\n\t\t\t\t\t<a href=\"#\" target=\"_self\">\n\t\t\t\t<div class=\"qodef-e-images-holder\">\n\t\t\t\t\t\t\t\t<\/div>\n\t\t\t\t\t<\/a>\n\t\t\t\t\t\t\t<p class=\"qodef-e-text\">\n\t\tALTO PATROCINIO:\t<\/p>\n\t\t\t<\/div>\n<\/div>\n<div class=\"qodef-e qodef-grid-item\">\n\t<div class=\"qodef-e-inner\">\n\t\t\t\t\t<a href=\"#\" target=\"_self\">\n\t\t\t\t<div class=\"qodef-e-images-holder\">\n\t\t\t\t\t\t\t<div class=\"qodef-e-main-image\">\n\t\t\t\t\t<img loading=\"lazy\" decoding=\"async\" width=\"154\" height=\"75\" src=\"https:\/\/i0.wp.com\/www.ficviaxiv.com\/wp-content\/uploads\/2024\/05\/dentalnova.webp?fit=154%2C75&amp;ssl=1\" class=\"attachment-full size-full\" alt=\"\" \/>\t\t\t\t<\/div>\n\t\t\t\t\t\t\t\t<\/div>\n\t\t\t\t\t<\/a>\n\t\t\t\t\t\t\t\t\t<\/div>\n<\/div>\n<div class=\"qodef-e qodef-grid-item\">\n\t<div class=\"qodef-e-inner\">\n\t\t\t\t\t<a href=\"#\" target=\"_self\">\n\t\t\t\t<div class=\"qodef-e-images-holder\">\n\t\t\t\t\t\t\t<div class=\"qodef-e-main-image\">\n\t\t\t\t\t<img loading=\"lazy\" decoding=\"async\" width=\"154\" height=\"75\" src=\"https:\/\/i0.wp.com\/www.ficviaxiv.com\/wp-content\/uploads\/2024\/05\/deputacion.webp?fit=154%2C75&amp;ssl=1\" class=\"attachment-full size-full\" alt=\"\" \/>\t\t\t\t<\/div>\n\t\t\t\t\t\t\t\t<\/div>\n\t\t\t\t\t<\/a>\n\t\t\t\t\t\t\t\t\t<\/div>\n<\/div>\n<div class=\"qodef-e qodef-grid-item\">\n\t<div class=\"qodef-e-inner\">\n\t\t\t\t\t<a href=\"#\" target=\"_self\">\n\t\t\t\t<div class=\"qodef-e-images-holder\">\n\t\t\t\t\t\t\t<div class=\"qodef-e-main-image\">\n\t\t\t\t\t<img loading=\"lazy\" decoding=\"async\" width=\"155\" height=\"76\" src=\"https:\/\/i0.wp.com\/www.ficviaxiv.com\/wp-content\/uploads\/2024\/05\/losada.webp?fit=155%2C76&amp;ssl=1\" class=\"attachment-full size-full\" alt=\"\" \/>\t\t\t\t<\/div>\n\t\t\t\t\t\t\t\t<\/div>\n\t\t\t\t\t<\/a>\n\t\t\t\t\t\t\t\t\t<\/div>\n<\/div>\n<div class=\"qodef-e qodef-grid-item\">\n\t<div class=\"qodef-e-inner\">\n\t\t\t\t\t<a href=\"#\" target=\"_self\">\n\t\t\t\t<div class=\"qodef-e-images-holder\">\n\t\t\t\t\t\t\t\t<\/div>\n\t\t\t\t\t<\/a>\n\t\t\t\t\t\t\t\t\t<\/div>\n<\/div>\n\t<\/div>\n<\/div>\n\t\t\t\t<\/div>\n\t\t\t\t<\/div>\n\t\t\t\t\t<\/div>\n\t\t<\/div>\n\t\t\t\t\t<\/div>\n\t\t<\/section>\n\t\t\t\t<section class=\"elementor-section elementor-top-section elementor-element elementor-element-02535da elementor-section-full_width qodef-elementor-content-grid elementor-section-height-default elementor-section-height-default\" data-id=\"02535da\" data-element_type=\"section\" data-settings=\"{&quot;background_background&quot;:&quot;classic&quot;}\">\n\t\t\t\t\t\t<div class=\"elementor-container elementor-column-gap-default\">\n\t\t\t\t\t<div class=\"elementor-column elementor-col-50 elementor-top-column elementor-element elementor-element-9bb453b\" data-id=\"9bb453b\" data-element_type=\"column\">\n\t\t\t<div class=\"elementor-widget-wrap\">\n\t\t\t\t\t\t\t<\/div>\n\t\t<\/div>\n\t\t\t\t<div class=\"elementor-column elementor-col-50 elementor-top-column elementor-element elementor-element-bbf4db5\" data-id=\"bbf4db5\" data-element_type=\"column\">\n\t\t\t<div class=\"elementor-widget-wrap\">\n\t\t\t\t\t\t\t<\/div>\n\t\t<\/div>\n\t\t\t\t\t<\/div>\n\t\t<\/section>\n\t\t\t\t<section class=\"elementor-section elementor-top-section elementor-element elementor-element-148e6b2 elementor-section-full_width qodef-elementor-content-grid elementor-section-height-default elementor-section-height-default\" data-id=\"148e6b2\" data-element_type=\"section\" data-settings=\"{&quot;background_background&quot;:&quot;classic&quot;}\">\n\t\t\t\t\t\t<div class=\"elementor-container elementor-column-gap-default\">\n\t\t\t\t\t<div class=\"elementor-column elementor-col-50 elementor-top-column elementor-element elementor-element-0149ff1\" data-id=\"0149ff1\" data-element_type=\"column\">\n\t\t\t<div class=\"elementor-widget-wrap elementor-element-populated\">\n\t\t\t\t\t\t<div class=\"elementor-element elementor-element-e696b31 elementor-widget elementor-widget-coppola_core_section_title\" data-id=\"e696b31\" data-element_type=\"widget\" data-widget_type=\"coppola_core_section_title.default\">\n\t\t\t\t<div class=\"elementor-widget-container\">\n\t\t\t\t\t<div class=\"qodef-shortcode qodef-m  qodef-section-title qodef-alignment--left\">\n\t\t<p class=\"qodef-m-subtitle\" >CONTACTO<\/p>\n\t\t<h2 class=\"qodef-m-title\" >\n\t\t\t\t\tESCR\u00cdBENOS TE RESPONDEREMOS<br \/> R\u00c1PIDO <span class=\"qodef-e-custom-color\" style=\"color: #000000\">POR<\/span> CORREO \t\t\t<\/h2>\n\t\t\t<p class=\"qodef-m-button\" style=\"margin-top: 41px\">\n\t\t<a class=\"qodef-shortcode qodef-m  qodef-button qodef-layout--outlined  qodef-skin--dark qodef-html--link\" href=\"https:\/\/www.ficviaxiv.com\/es\/contacto\/\" target=\"_self\" data-hover-color=\"#FFFFFF\" data-hover-background-color=\"#000000\" data-hover-border-color=\"#000000\" >\t<span class=\"qodef-m-text\">Contacta<\/span><\/a>\t<\/p>\n<\/div>\n\t\t\t\t<\/div>\n\t\t\t\t<\/div>\n\t\t\t\t\t<\/div>\n\t\t<\/div>\n\t\t\t\t<div class=\"elementor-column elementor-col-50 elementor-top-column elementor-element elementor-element-5aee3e6\" data-id=\"5aee3e6\" data-element_type=\"column\">\n\t\t\t<div class=\"elementor-widget-wrap elementor-element-populated\">\n\t\t\t\t\t\t<div class=\"elementor-element elementor-element-5c1a7f0 elementor-widget elementor-widget-text-editor\" data-id=\"5c1a7f0\" data-element_type=\"widget\" data-widget_type=\"text-editor.default\">\n\t\t\t\t<div class=\"elementor-widget-container\">\n\t\t\t\t\t\t\t\t\t<h6>LAURELES<\/h6>\t\t\t\t\t\t\t\t<\/div>\n\t\t\t\t<\/div>\n\t\t\t\t<div class=\"elementor-element elementor-element-b2a5dc9 elementor-widget elementor-widget-qi_addons_for_elementor_clients_list\" data-id=\"b2a5dc9\" data-element_type=\"widget\" data-widget_type=\"qi_addons_for_elementor_clients_list.default\">\n\t\t\t\t<div class=\"elementor-widget-container\">\n\t\t\t\t\t<div class=\"qodef-shortcode qodef-m qodef-qi-clients-list qodef-border--no qodef-qi-grid qodef-layout--qi-columns qodef-col-num--3 qodef-responsive--custom qodef-col-num--1680--3 qodef-col-num--1440--3 qodef-col-num--1366--3 qodef-col-num--1024--3 qodef-col-num--768--3 qodef-col-num--680--1 qodef-col-num--480--1\">\n\t<div class=\"qodef-grid-inner\">\n\t\t<div class=\"qodef-e qodef-grid-item\">\n\t<div class=\"qodef-e-inner\">\n\t\t\t\t<div class=\"qodef-e-images-holder\">\n\t\t\t\t\t\t\t\t<\/div>\n\t\t\t\t\t\t\t\t\t<\/div>\n<\/div>\n<div class=\"qodef-e qodef-grid-item\">\n\t<div class=\"qodef-e-inner\">\n\t\t\t\t<div class=\"qodef-e-images-holder\">\n\t\t\t\t\t\t\t<div class=\"qodef-e-main-image\">\n\t\t\t\t\t<img loading=\"lazy\" decoding=\"async\" width=\"146\" height=\"113\" src=\"https:\/\/i0.wp.com\/www.ficviaxiv.com\/wp-content\/uploads\/2024\/05\/special2024.png?fit=146%2C113&amp;ssl=1\" class=\"attachment-full size-full\" alt=\"\" \/>\t\t\t\t<\/div>\n\t\t\t\t\t\t\t\t<\/div>\n\t\t\t\t\t\t\t\t\t<\/div>\n<\/div>\n<div class=\"qodef-e qodef-grid-item\">\n\t<div class=\"qodef-e-inner\">\n\t\t\t\t<div class=\"qodef-e-images-holder\">\n\t\t\t\t\t\t\t\t<\/div>\n\t\t\t\t\t\t\t\t\t<\/div>\n<\/div>\n\t<\/div>\n<\/div>\n\t\t\t\t<\/div>\n\t\t\t\t<\/div>\n\t\t\t\t<div class=\"elementor-element elementor-element-ecfbb89 elementor-widget elementor-widget-qi_addons_for_elementor_clients_list\" data-id=\"ecfbb89\" data-element_type=\"widget\" data-widget_type=\"qi_addons_for_elementor_clients_list.default\">\n\t\t\t\t<div class=\"elementor-widget-container\">\n\t\t\t\t\t<div class=\"qodef-shortcode qodef-m qodef-qi-clients-list qodef-border--no qodef-qi-grid qodef-layout--qi-columns qodef-col-num--3 qodef-responsive--custom qodef-col-num--1680--3 qodef-col-num--1440--3 qodef-col-num--1366--3 qodef-col-num--1024--3 qodef-col-num--768--3 qodef-col-num--680--1 qodef-col-num--480--1\">\n\t<div class=\"qodef-grid-inner\">\n\t\t<div class=\"qodef-e qodef-grid-item\">\n\t<div class=\"qodef-e-inner\">\n\t\t\t\t<div class=\"qodef-e-images-holder\">\n\t\t\t\t\t\t\t\t<\/div>\n\t\t\t\t\t\t\t\t\t<\/div>\n<\/div>\n<div class=\"qodef-e qodef-grid-item\">\n\t<div class=\"qodef-e-inner\">\n\t\t\t\t<div class=\"qodef-e-images-holder\">\n\t\t\t\t\t\t\t<div class=\"qodef-e-main-image\">\n\t\t\t\t\t<img loading=\"lazy\" decoding=\"async\" width=\"145\" height=\"113\" src=\"https:\/\/i0.wp.com\/www.ficviaxiv.com\/wp-content\/uploads\/2024\/05\/official2024.png?fit=145%2C113&amp;ssl=1\" class=\"attachment-full size-full\" alt=\"\" \/>\t\t\t\t<\/div>\n\t\t\t\t\t\t\t\t<\/div>\n\t\t\t\t\t\t\t\t\t<\/div>\n<\/div>\n<div class=\"qodef-e qodef-grid-item\">\n\t<div class=\"qodef-e-inner\">\n\t\t\t\t<div class=\"qodef-e-images-holder\">\n\t\t\t\t\t\t\t\t<\/div>\n\t\t\t\t\t\t\t\t\t<\/div>\n<\/div>\n\t<\/div>\n<\/div>\n\t\t\t\t<\/div>\n\t\t\t\t<\/div>\n\t\t\t\t\t<\/div>\n\t\t<\/div>\n\t\t\t\t\t<\/div>\n\t\t<\/section>\n\t\t\t\t<\/div>","protected":false},"excerpt":{"rendered":"<p>CATEGOR\u00cdAS \u00a0 A RAIA Alg\u00fans dos mellores filmes do mundo nacen nas marxes, al\u00ed onde as identidades se entrelazan e as lindes se difuminan.\u00a0 No Val do T\u00e1mega, a Raia non \u00e9 s\u00f3 a fronteira divisoria entre Galicia e Portugal, sen\u00f3n un espazo de encontro, memoria e intercambio constante. As xentes da zona viven a [&hellip;]<\/p>","protected":false},"author":1,"featured_media":0,"parent":0,"menu_order":0,"comment_status":"closed","ping_status":"closed","template":"page-full-width.php","meta":{"jetpack_post_was_ever_published":false,"footnotes":""},"class_list":["post-9867","page","type-page","status-publish","hentry"],"jetpack_sharing_enabled":true,"_links":{"self":[{"href":"https:\/\/www.ficviaxiv.com\/es\/wp-json\/wp\/v2\/pages\/9867","targetHints":{"allow":["GET"]}}],"collection":[{"href":"https:\/\/www.ficviaxiv.com\/es\/wp-json\/wp\/v2\/pages"}],"about":[{"href":"https:\/\/www.ficviaxiv.com\/es\/wp-json\/wp\/v2\/types\/page"}],"author":[{"embeddable":true,"href":"https:\/\/www.ficviaxiv.com\/es\/wp-json\/wp\/v2\/users\/1"}],"replies":[{"embeddable":true,"href":"https:\/\/www.ficviaxiv.com\/es\/wp-json\/wp\/v2\/comments?post=9867"}],"version-history":[{"count":5,"href":"https:\/\/www.ficviaxiv.com\/es\/wp-json\/wp\/v2\/pages\/9867\/revisions"}],"predecessor-version":[{"id":13448,"href":"https:\/\/www.ficviaxiv.com\/es\/wp-json\/wp\/v2\/pages\/9867\/revisions\/13448"}],"wp:attachment":[{"href":"https:\/\/www.ficviaxiv.com\/es\/wp-json\/wp\/v2\/media?parent=9867"}],"curies":[{"name":"wp","href":"https:\/\/api.w.org\/{rel}","templated":true}]}}